{"id":130,"date":"2018-08-28T15:51:22","date_gmt":"2018-08-28T15:51:22","guid":{"rendered":"https:\/\/adqisa.com.mx\/site\/?post_type=product&#038;p=130"},"modified":"2018-12-20T05:37:45","modified_gmt":"2018-12-20T05:37:45","slug":"chaleco-antibalas-balistico-black-protect","status":"publish","type":"product","link":"https:\/\/adqisa.com.mx\/site\/product\/chaleco-antibalas-balistico-black-protect\/","title":{"rendered":"Black Protect"},"content":{"rendered":"<p>Con sistema Molle en Hombros, Bolsas para placas bal\u00edsticas (frente y espalda) y Bolsas ocultas en ajustadores (opcional).<\/p>\n<p>Con protecci\u00f3n en Frente, Espalda, Hombros y Costados (opcional).<\/p>\n<p>Chalecos Fabricados con la m\u00e1s Alta Calidad, con materiales de \u00faltima tecnolog\u00eda:<\/p>\n<ul>\n<li>Mini Diamond\u00ae (Nylon Ripstop anti-rasgaduras)<\/li>\n<li>Fresh Mesh\u00ae Para mejor transpiraci\u00f3n<\/li>\n<li>Light Fabric Plus\u00ae<\/li>\n<li>Nylon de alta resistencia<\/li>\n<\/ul>\n","protected":false},"excerpt":{"rendered":"<p>Prendas Dise\u00f1adas especialmente para Agencias de Seguridad Privada, Corporaciones Policiacas, cubriendo las necesidades de ergonom\u00eda, peso y precio; ideal para usuarios que portan los chalecos por largas jornadas.<\/p>\n[fusion_button link=\"\" title=\"Cont\u00e1ctenos sin compromiso\" target=\"_self\" link_attributes=\"\" alignment=\"center\" modal=\"contacto\" hide_on_mobile=\"small-visibility,medium-visibility,large-visibility\" class=\"\" id=\"\" color=\"default\" button_gradient_top_color=\"\" button_gradient_bottom_color=\"\" button_gradient_top_color_hover=\"\" button_gradient_bottom_color_hover=\"\" accent_color=\"\" accent_hover_color=\"\" type=\"\" bevel_color=\"\" border_width=\"\" size=\"large\" stretch=\"default\" shape=\"pill\" icon=\"fa-info-circle\" icon_position=\"left\" icon_divider=\"no\" animation_type=\"\" animation_direction=\"left\" animation_speed=\"0.3\" animation_offset=\"\"]Solicitar Informaci\u00f3n [\/fusion_button]\n<p>&nbsp;<\/p>\n<div class=\"fb-like\" data-href=\"https:\/\/www.facebook.com\/adqisamx\/\" data-layout=\"button\" data-action=\"like\" data-size=\"large\" data-show-faces=\"true\" data-share=\"true\"><\/div>\n<p>&nbsp;<\/p>\n[fusion_modal name=\"contacto\" title=\"Cont\u00e1ctenos sin compromiso\" size=\"medium\" background=\"\" border_color=\"\" show_footer=\"yes\" class=\"\" id=\"\"]<\/p>\n<p>[contact-form-7 id=\"6\" title=\"Contacto\"]<\/p>\n<p>[\/fusion_modal]\n<p>&nbsp;<\/p>\n[fusion_sharing tagline=\"Comparte este producto en tu red social de preferencia!\" tagline_color=\"\" backgroundcolor=\"\" title=\"\" link=\"https:\/\/adqisa.com.mx\/site\/product\/chaleco-antibalas-balistico-black-protect\/\" description=\"\" icons_boxed=\"yes\" icons_boxed_radius=\"5px\" color_type=\"brand\" icon_colors=\"\" box_colors=\"\" tooltip_placement=\"\" pinterest_image=\"\" hide_on_mobile=\"small-visibility,medium-visibility,large-visibility\" class=\"\" id=\"\"][\/fusion_sharing]\n","protected":false},"featured_media":201,"comment_status":"closed","ping_status":"closed","template":"","meta":[],"class_list":{"0":"post-130","1":"product","2":"type-product","3":"status-publish","4":"has-post-thumbnail","6":"product_cat-chalecos","7":"product-grid-view","9":"first","10":"instock","11":"shipping-taxable","12":"product-type-simple"},"_links":{"self":[{"href":"https:\/\/adqisa.com.mx\/site\/wp-json\/wp\/v2\/product\/130","targetHints":{"allow":["GET"]}}],"collection":[{"href":"https:\/\/adqisa.com.mx\/site\/wp-json\/wp\/v2\/product"}],"about":[{"href":"https:\/\/adqisa.com.mx\/site\/wp-json\/wp\/v2\/types\/product"}],"replies":[{"embeddable":true,"href":"https:\/\/adqisa.com.mx\/site\/wp-json\/wp\/v2\/comments?post=130"}],"wp:featuredmedia":[{"embeddable":true,"href":"https:\/\/adqisa.com.mx\/site\/wp-json\/wp\/v2\/media\/201"}],"wp:attachment":[{"href":"https:\/\/adqisa.com.mx\/site\/wp-json\/wp\/v2\/media?parent=130"}],"curies":[{"name":"wp","href":"https:\/\/api.w.org\/{rel}","templated":true}]}}