{"id":135,"date":"2018-08-28T15:59:02","date_gmt":"2018-08-28T15:59:02","guid":{"rendered":"https:\/\/adqisa.com.mx\/site\/?post_type=product&#038;p=135"},"modified":"2018-12-20T05:33:45","modified_gmt":"2018-12-20T05:33:45","slug":"equipo-antidisturbios-antimotin-policial-policias","status":"publish","type":"product","link":"https:\/\/adqisa.com.mx\/site\/product\/equipo-antidisturbios-antimotin-policial-policias\/","title":{"rendered":"Equipo antidisturbios"},"content":{"rendered":"<ul>\n<li>Protecci\u00f3n Antimot\u00edn Grizzly<\/li>\n<li>Protecci\u00f3n Antimotin Grizzly Plus Antipuntas NIJ spike I y Antibalas NIJ IIIA<\/li>\n<li>Protecci\u00f3n Contra Flama (Nomex\u00ae)<\/li>\n<\/ul>\n","protected":false},"excerpt":{"rendered":"<p>Nuestra l\u00ednea de equipo antidisturbios o equipo antimot\u00edn brinda alternativas de protecci\u00f3n m\u00e1s t\u00e9cnicas que las que usualmente se encuentran en el mercado. Contamos con diferentes niveles de protecci\u00f3n.<\/p>\n[fusion_button link=\"\" title=\"Cont\u00e1ctenos sin compromiso\" target=\"_self\" link_attributes=\"\" alignment=\"center\" modal=\"contacto\" hide_on_mobile=\"small-visibility,medium-visibility,large-visibility\" class=\"\" id=\"\" color=\"default\" button_gradient_top_color=\"\" button_gradient_bottom_color=\"\" button_gradient_top_color_hover=\"\" button_gradient_bottom_color_hover=\"\" accent_color=\"\" accent_hover_color=\"\" type=\"\" bevel_color=\"\" border_width=\"\" size=\"large\" stretch=\"default\" shape=\"pill\" icon=\"fa-info-circle\" icon_position=\"left\" icon_divider=\"no\" animation_type=\"\" animation_direction=\"left\" animation_speed=\"0.3\" animation_offset=\"\"]Solicitar Informaci\u00f3n [\/fusion_button]\n<p>&nbsp;<\/p>\n<div class=\"fb-like\" data-href=\"https:\/\/www.facebook.com\/adqisamx\/\" data-layout=\"button\" data-action=\"like\" data-size=\"large\" data-show-faces=\"true\" data-share=\"true\"><\/div>\n<p>&nbsp;<\/p>\n[fusion_modal name=\"contacto\" title=\"Cont\u00e1ctenos sin compromiso\" size=\"medium\" background=\"\" border_color=\"\" show_footer=\"yes\" class=\"\" id=\"\"]<\/p>\n<p>[contact-form-7 id=\"6\" title=\"Contacto\"]<\/p>\n<p>[\/fusion_modal]\n<p>&nbsp;<\/p>\n[fusion_sharing tagline=\"Comparte este producto en tu red social de preferencia!\" tagline_color=\"\" backgroundcolor=\"\" title=\"\" link=\"https:\/\/adqisa.com.mx\/site\/product\/equipo-antidisturbios-antimotin-policial-policias\/\" description=\"\" icons_boxed=\"yes\" icons_boxed_radius=\"5px\" color_type=\"brand\" icon_colors=\"\" box_colors=\"\" tooltip_placement=\"\" pinterest_image=\"\" hide_on_mobile=\"small-visibility,medium-visibility,large-visibility\" class=\"\" id=\"\"][\/fusion_sharing]\n","protected":false},"featured_media":204,"comment_status":"closed","ping_status":"closed","template":"","meta":[],"class_list":{"0":"post-135","1":"product","2":"type-product","3":"status-publish","4":"has-post-thumbnail","6":"product_cat-equipo-antidisturbio","7":"product-grid-view","9":"first","10":"instock","11":"shipping-taxable","12":"product-type-simple"},"_links":{"self":[{"href":"https:\/\/adqisa.com.mx\/site\/wp-json\/wp\/v2\/product\/135","targetHints":{"allow":["GET"]}}],"collection":[{"href":"https:\/\/adqisa.com.mx\/site\/wp-json\/wp\/v2\/product"}],"about":[{"href":"https:\/\/adqisa.com.mx\/site\/wp-json\/wp\/v2\/types\/product"}],"replies":[{"embeddable":true,"href":"https:\/\/adqisa.com.mx\/site\/wp-json\/wp\/v2\/comments?post=135"}],"wp:featuredmedia":[{"embeddable":true,"href":"https:\/\/adqisa.com.mx\/site\/wp-json\/wp\/v2\/media\/204"}],"wp:attachment":[{"href":"https:\/\/adqisa.com.mx\/site\/wp-json\/wp\/v2\/media?parent=135"}],"curies":[{"name":"wp","href":"https:\/\/api.w.org\/{rel}","templated":true}]}}