{"id":138,"date":"2018-08-28T16:51:29","date_gmt":"2018-08-28T16:51:29","guid":{"rendered":"https:\/\/adqisa.com.mx\/site\/?post_type=product&#038;p=138"},"modified":"2018-12-19T21:37:06","modified_gmt":"2018-12-19T21:37:06","slug":"zk-sbt1000s-swing-barrier-para-control-de-acceso-peatonal","status":"publish","type":"product","link":"https:\/\/adqisa.com.mx\/site\/product\/zk-sbt1000s-swing-barrier-para-control-de-acceso-peatonal\/","title":{"rendered":"ZK SBT1000S &#8211; Swing barrier para control de acceso peatonal"},"content":{"rendered":"<p>Serie SBT1000S<\/p>\n<p>Barrera de cortes\u00eda biom\u00e9trica<\/p>\n<p>\u2022 Ancho de oscilaci\u00f3n ajustable y un amplio canal de acceso.<br \/>\n\u2022 Funcionamiento suave y silencioso.<br \/>\n\u2022 Soluci\u00f3n todo en uno con sistema RFID y de reconocimiento de huella digital<br \/>\n\u2022 Motor de larga duraci\u00f3n.<br \/>\n\u2022 F\u00e1cil instalaci\u00f3n y mantenimiento.<br \/>\n\u2022 Cuerpo de acero inoxidable SUS304 que ofrece una alta durabilidad<\/p>\n<p>&nbsp;<\/p>\n<p>ESPECIFICACIONES<\/p>\n<table class=\"table table-striped\" border=\"1\" cellspacing=\"0\">\n<tbody>\n<tr class=\"secondbg\">\n<td>Capacidad de Accesos<\/td>\n<td>20\/minuto<\/td>\n<\/tr>\n<tr class=\"firstbg\">\n<td>Tiempo de Apertura y Cierre<\/td>\n<td>1 segundo<\/td>\n<\/tr>\n<tr class=\"secondbg\">\n<td>Fuente de Alimentaci\u00f3n<\/td>\n<td>110-240v +-10<\/td>\n<\/tr>\n<tr class=\"firstbg\">\n<td>Consumo de Energ\u00eda (En Funcionamiento)<\/td>\n<td>20w<\/td>\n<\/tr>\n<tr class=\"secondbg\">\n<td>Consumo de Energ\u00eda (En Reposo)<\/td>\n<td>5w<\/td>\n<\/tr>\n<tr class=\"firstbg\">\n<td>Temperatura de Operaci\u00f3n<\/td>\n<td>-10\u00b0c a 60\u00b0c<\/td>\n<\/tr>\n<tr class=\"secondbg\">\n<td>Paso en Ambos Sentidos<\/td>\n<td>S\u00ed<\/td>\n<\/tr>\n<tr class=\"firstbg\">\n<td>Funcionamiento Autom\u00e1tico<\/td>\n<td>S\u00ed<\/td>\n<\/tr>\n<tr class=\"secondbg\">\n<td>Avanzado Sistema de Sensores<\/td>\n<td>S\u00ed<\/td>\n<\/tr>\n<tr class=\"firstbg\">\n<td>Iluminaci\u00f3n LED<\/td>\n<td>S\u00ed<\/td>\n<\/tr>\n<\/tbody>\n<\/table>\n<p>&nbsp;<\/p>\n<p><strong>Modelos disponibles:<\/strong><\/p>\n<table class=\"table table-striped\" border=\"1\" cellspacing=\"0\">\n<tbody>\n<tr class=\"secondbg\">\n<td>Modelo<\/td>\n<td><strong>SBT100S<\/strong><\/td>\n<td>SBT1011S<\/td>\n<td>SBT1022S<\/td>\n<\/tr>\n<tr class=\"firstbg\">\n<td>Clave de TVC<\/td>\n<td>ZTA450001<\/td>\n<td>Sobre-pedido<\/td>\n<td>Sobre-pedido<\/td>\n<\/tr>\n<tr class=\"firstbg\">\n<td>Control de Acceso<\/td>\n<td>N\/A<\/td>\n<td>C3-200<\/td>\n<td>InBio260<\/td>\n<\/tr>\n<tr class=\"secondbg\">\n<td>Lectoras<\/td>\n<td>N\/A<\/td>\n<td>2*KR100E<\/td>\n<td>2*FR1200<\/td>\n<\/tr>\n<tr class=\"firstbg\">\n<td>Capacidad de Tarjetas<\/td>\n<td>N\/A<\/td>\n<td>30.000<\/td>\n<td>30.000<\/td>\n<\/tr>\n<tr class=\"secondbg\">\n<td>Capacidad de Huellas<\/td>\n<td>N\/A<\/td>\n<td>N\/A<\/td>\n<td>3.000<\/td>\n<\/tr>\n<tr class=\"firstbg\">\n<td>Capacidad de Eventos<\/td>\n<td>N\/A<\/td>\n<td>100.000<\/td>\n<td>100.000<\/td>\n<\/tr>\n<\/tbody>\n<\/table>\n<p>&nbsp;<\/p>\n","protected":false},"excerpt":{"rendered":"<p>La barrera de cortes\u00eda SBT1000S cuenta con un dise\u00f1o compacto y f\u00e1cil de integrar en espacios reducidos. Se adapta perfectamente para instalarla en accesos de cortes\u00eda junto a torniquetes o barreras de aleta.<\/p>\n<p>SBT1000S proporciona un control el\u00e9ctrico bilateral y puede integrar dispositivos de control de acceso incluyendo RFID, de reconocimiento de huella digital, de rostro y de vena.Cuando una tarjeta v\u00e1lida se desliza, las barreras el\u00e9ctricas se abren y permiten un acceso. La alarma se activa cuando existe un acceso no autorizado o \u00e9ste se realiza de manera invertida.<\/p>\n<p>Con un correcto funcionamiento y alta durabilidad, la barrera SBT1000S es una \u00f3ptima elecci\u00f3n para el control de acceso en entradas.<\/p>\n[fusion_button link=\"\" title=\"Cont\u00e1ctenos sin compromiso\" target=\"_self\" link_attributes=\"\" alignment=\"center\" modal=\"contacto\" hide_on_mobile=\"small-visibility,medium-visibility,large-visibility\" class=\"\" id=\"\" color=\"default\" button_gradient_top_color=\"\" button_gradient_bottom_color=\"\" button_gradient_top_color_hover=\"\" button_gradient_bottom_color_hover=\"\" accent_color=\"\" accent_hover_color=\"\" type=\"\" bevel_color=\"\" border_width=\"\" size=\"large\" stretch=\"default\" shape=\"pill\" icon=\"fa-info-circle\" icon_position=\"left\" icon_divider=\"no\" animation_type=\"\" animation_direction=\"left\" animation_speed=\"0.3\" animation_offset=\"\"]Solicitar Informaci\u00f3n [\/fusion_button]\n<p>&nbsp;<\/p>\n<div class=\"fb-like\" data-href=\"https:\/\/www.facebook.com\/adqisamx\/\" data-layout=\"button\" data-action=\"like\" data-size=\"large\" data-show-faces=\"true\" data-share=\"true\"><\/div>\n<p>&nbsp;<\/p>\n[fusion_modal name=\"contacto\" title=\"Cont\u00e1ctenos sin compromiso\" size=\"medium\" background=\"\" border_color=\"\" show_footer=\"yes\" class=\"\" id=\"\"]<\/p>\n<p>[contact-form-7 id=\"6\" title=\"Contacto\"]<\/p>\n<p>[\/fusion_modal]\n","protected":false},"featured_media":205,"comment_status":"closed","ping_status":"closed","template":"","meta":[],"class_list":{"0":"post-138","1":"product","2":"type-product","3":"status-publish","4":"has-post-thumbnail","6":"product_cat-peatonal","7":"product-grid-view","9":"first","10":"instock","11":"shipping-taxable","12":"product-type-simple"},"_links":{"self":[{"href":"https:\/\/adqisa.com.mx\/site\/wp-json\/wp\/v2\/product\/138","targetHints":{"allow":["GET"]}}],"collection":[{"href":"https:\/\/adqisa.com.mx\/site\/wp-json\/wp\/v2\/product"}],"about":[{"href":"https:\/\/adqisa.com.mx\/site\/wp-json\/wp\/v2\/types\/product"}],"replies":[{"embeddable":true,"href":"https:\/\/adqisa.com.mx\/site\/wp-json\/wp\/v2\/comments?post=138"}],"wp:featuredmedia":[{"embeddable":true,"href":"https:\/\/adqisa.com.mx\/site\/wp-json\/wp\/v2\/media\/205"}],"wp:attachment":[{"href":"https:\/\/adqisa.com.mx\/site\/wp-json\/wp\/v2\/media?parent=138"}],"curies":[{"name":"wp","href":"https:\/\/api.w.org\/{rel}","templated":true}]}}