{"id":140,"date":"2018-08-28T16:55:32","date_gmt":"2018-08-28T16:55:32","guid":{"rendered":"https:\/\/adqisa.com.mx\/site\/?post_type=product&#038;p=140"},"modified":"2018-12-19T21:42:07","modified_gmt":"2018-12-19T21:42:07","slug":"wejoin-wjdz830s-barrera-vehicular-izquierda-y-derecha-4-5-metros-3-y-6-segundos","status":"publish","type":"product","link":"https:\/\/adqisa.com.mx\/site\/product\/wejoin-wjdz830s-barrera-vehicular-izquierda-y-derecha-4-5-metros-3-y-6-segundos\/","title":{"rendered":"WEJOIN WJDZ830S &#8211; BARRERA VEHICULAR IZQUIERDA Y DERECHA \/ 4.5 METROS \/ 3 Y 6 SEGUNDOS"},"content":{"rendered":"<p>Se utiliza principalmente como dispositivo de control de entrada y salida de coches en peajes, estacionamientos o f\u00e1bricas, el tiempo de vida es de 3 millones de ciclos<\/p>\n","protected":false},"excerpt":{"rendered":"<p>Nueva barrera vehicular Wejoin convertible, calidad y satisfaccion total en una sola barrera veh\u00edcular, m\u00e1s pr\u00e1ctica gracias a su regulador de velocidades desde 3 a 6 segundos, compatible para brazo de 4.5m de largo, y puede ser convertida a derecha o izquidera de acuerdo a las necesidades del cliente.<\/p>\n[fusion_button link=\"\" title=\"Cont\u00e1ctenos sin compromiso\" target=\"_self\" link_attributes=\"\" alignment=\"center\" modal=\"contacto\" hide_on_mobile=\"small-visibility,medium-visibility,large-visibility\" class=\"\" id=\"\" color=\"default\" button_gradient_top_color=\"\" button_gradient_bottom_color=\"\" button_gradient_top_color_hover=\"\" button_gradient_bottom_color_hover=\"\" accent_color=\"\" accent_hover_color=\"\" type=\"\" bevel_color=\"\" border_width=\"\" size=\"large\" stretch=\"default\" shape=\"pill\" icon=\"fa-info-circle\" icon_position=\"left\" icon_divider=\"no\" animation_type=\"\" animation_direction=\"left\" animation_speed=\"0.3\" animation_offset=\"\"]Solicitar Informaci\u00f3n [\/fusion_button]\n<p>&nbsp;<\/p>\n<div class=\"fb-like\" data-href=\"https:\/\/www.facebook.com\/adqisamx\/\" data-layout=\"button\" data-action=\"like\" data-size=\"large\" data-show-faces=\"true\" data-share=\"true\"><\/div>\n<p>&nbsp;<\/p>\n[fusion_modal name=\"contacto\" title=\"Cont\u00e1ctenos sin compromiso\" size=\"medium\" background=\"\" border_color=\"\" show_footer=\"yes\" class=\"\" id=\"\"]<\/p>\n<p>[contact-form-7 id=\"6\" title=\"Contacto\"]<\/p>\n<p>[\/fusion_modal]\n","protected":false},"featured_media":207,"comment_status":"closed","ping_status":"closed","template":"","meta":[],"class_list":{"0":"post-140","1":"product","2":"type-product","3":"status-publish","4":"has-post-thumbnail","6":"product_cat-vehicular","7":"product-grid-view","9":"first","10":"instock","11":"shipping-taxable","12":"product-type-simple"},"_links":{"self":[{"href":"https:\/\/adqisa.com.mx\/site\/wp-json\/wp\/v2\/product\/140","targetHints":{"allow":["GET"]}}],"collection":[{"href":"https:\/\/adqisa.com.mx\/site\/wp-json\/wp\/v2\/product"}],"about":[{"href":"https:\/\/adqisa.com.mx\/site\/wp-json\/wp\/v2\/types\/product"}],"replies":[{"embeddable":true,"href":"https:\/\/adqisa.com.mx\/site\/wp-json\/wp\/v2\/comments?post=140"}],"wp:featuredmedia":[{"embeddable":true,"href":"https:\/\/adqisa.com.mx\/site\/wp-json\/wp\/v2\/media\/207"}],"wp:attachment":[{"href":"https:\/\/adqisa.com.mx\/site\/wp-json\/wp\/v2\/media?parent=140"}],"curies":[{"name":"wp","href":"https:\/\/api.w.org\/{rel}","templated":true}]}}