{"id":152,"date":"2018-08-28T17:36:44","date_gmt":"2018-08-28T17:36:44","guid":{"rendered":"https:\/\/adqisa.com.mx\/site\/?post_type=product&#038;p=152"},"modified":"2018-12-19T21:52:57","modified_gmt":"2018-12-19T21:52:57","slug":"zk-d100s-detector-metal-portatil","status":"publish","type":"product","link":"https:\/\/adqisa.com.mx\/site\/product\/zk-d100s-detector-metal-portatil\/","title":{"rendered":"ZK D100S &#8211; Detector Metal Portatil"},"content":{"rendered":"<ul>\n<li>Puede ser recargado. Se recarga en 4-6 horas. (bater\u00eda de 9V, el cargador y la bater\u00eda recargable no vienen incluidos).<\/li>\n<li>El tipo de alarma es sonido y luz simult\u00e1nea o vibraci\u00f3n y luz simult\u00e1neos. Se puede configurar la manera en que la alarma es emitida.<\/li>\n<li>Configuraci\u00f3n del nivel de volumen de detecci\u00f3n, el detector de metales activar\u00e1 la alarma cuando detecte un objeto de metal m\u00e1s grande al configurado.<\/li>\n<li>Bater\u00eda de Litio, cargador por USB (opcional).<\/li>\n<li>Ahorro de bater\u00eda: hibernaci\u00f3n despu\u00e9s de un minuto sin uso (opcional)<\/li>\n<\/ul>\n<p>&nbsp;<\/p>\n<div dir=\"ltr\"><img decoding=\"async\" src=\"https:\/\/soporte.tvc.mx\/Ingenieria\/ZK\/ZKINSPECCIONES\/IMAGENES\/comzk100s.PNG\" alt=\"\" \/><\/div>\n","protected":false},"excerpt":{"rendered":"<p><strong>Detecci\u00f3n de Seguridad:<\/strong> Prevenci\u00f3n de contrabando, como: cuchillo, pistola entre otros.<br \/>\n<strong>Aplicaci\u00f3n dentro de una F\u00e1brica:<\/strong> Previene la p\u00e9rdida de objetos de valor.<br \/>\n<strong>Aplicaci\u00f3n dentro de la Educaci\u00f3n:<\/strong> Previene el uso de herramientas en ex\u00e1menes importantes, tales como: tel\u00e9fono, diccionario electr\u00f3nico, entre otros.<\/p>\n[fusion_button link=\"\" title=\"Cont\u00e1ctenos sin compromiso\" target=\"_self\" link_attributes=\"\" alignment=\"center\" modal=\"contacto\" hide_on_mobile=\"small-visibility,medium-visibility,large-visibility\" class=\"\" id=\"\" color=\"default\" button_gradient_top_color=\"\" button_gradient_bottom_color=\"\" button_gradient_top_color_hover=\"\" button_gradient_bottom_color_hover=\"\" accent_color=\"\" accent_hover_color=\"\" type=\"\" bevel_color=\"\" border_width=\"\" size=\"large\" stretch=\"default\" shape=\"pill\" icon=\"fa-info-circle\" icon_position=\"left\" icon_divider=\"no\" animation_type=\"\" animation_direction=\"left\" animation_speed=\"0.3\" animation_offset=\"\"]Solicitar Informaci\u00f3n [\/fusion_button]\n<p>&nbsp;<\/p>\n<div class=\"fb-like\" data-href=\"https:\/\/www.facebook.com\/adqisamx\/\" data-layout=\"button\" data-action=\"like\" data-size=\"large\" data-show-faces=\"true\" data-share=\"true\"><\/div>\n<p>&nbsp;<\/p>\n[fusion_modal name=\"contacto\" title=\"Cont\u00e1ctenos sin compromiso\" size=\"medium\" background=\"\" border_color=\"\" show_footer=\"yes\" class=\"\" id=\"\"]<\/p>\n<p>[contact-form-7 id=\"6\" title=\"Contacto\"]<\/p>\n<p>[\/fusion_modal]\n","protected":false},"featured_media":209,"comment_status":"closed","ping_status":"closed","template":"","meta":[],"class_list":{"0":"post-152","1":"product","2":"type-product","3":"status-publish","4":"has-post-thumbnail","6":"product_cat-portatiles","7":"product-grid-view","9":"first","10":"instock","11":"shipping-taxable","12":"product-type-simple"},"_links":{"self":[{"href":"https:\/\/adqisa.com.mx\/site\/wp-json\/wp\/v2\/product\/152","targetHints":{"allow":["GET"]}}],"collection":[{"href":"https:\/\/adqisa.com.mx\/site\/wp-json\/wp\/v2\/product"}],"about":[{"href":"https:\/\/adqisa.com.mx\/site\/wp-json\/wp\/v2\/types\/product"}],"replies":[{"embeddable":true,"href":"https:\/\/adqisa.com.mx\/site\/wp-json\/wp\/v2\/comments?post=152"}],"wp:featuredmedia":[{"embeddable":true,"href":"https:\/\/adqisa.com.mx\/site\/wp-json\/wp\/v2\/media\/209"}],"wp:attachment":[{"href":"https:\/\/adqisa.com.mx\/site\/wp-json\/wp\/v2\/media?parent=152"}],"curies":[{"name":"wp","href":"https:\/\/api.w.org\/{rel}","templated":true}]}}