{"id":155,"date":"2018-08-28T17:44:07","date_gmt":"2018-08-28T17:44:07","guid":{"rendered":"https:\/\/adqisa.com.mx\/site\/?post_type=product&#038;p=155"},"modified":"2018-12-19T21:56:24","modified_gmt":"2018-12-19T21:56:24","slug":"zk-vscn100-sistema-de-inspeccion-vehicular-hasta-30-tons","status":"publish","type":"product","link":"https:\/\/adqisa.com.mx\/site\/product\/zk-vscn100-sistema-de-inspeccion-vehicular-hasta-30-tons\/","title":{"rendered":"ZK VSCN100 &#8211; Sistema de inspecci\u00f3n vehicular hasta 30 tons"},"content":{"rendered":"<p><strong>ZK-VSCN100<\/strong>\u00a0se puede instalar o desmontar r\u00e1pidamente y utilizar en muchas soluciones. No necesita construcci\u00f3n civil y puede instalarse en 10 minutos, incluido el cableado. Adem\u00e1s, es conveniente mover y entregar porque todos los componentes pueden colocarse en un armario con ruedas. Esto bajo el sistema de inspecci\u00f3n del veh\u00edculo mejora en gran medida la eficiencia y precisi\u00f3n de la comprobaci\u00f3n de seguridad para lograr un mayor nivel de seguridad.<\/p>\n<p>&nbsp;<\/p>\n<p>\u2022 F\u00e1cil de instalar y mantener<\/p>\n<p>\u2022 C\u00e1mara de escaneo de l\u00ednea digital autom\u00e1tica, con imagen en color de alta resoluci\u00f3n<\/p>\n<p>\u2022 Imagen del tren de rodaje total del veh\u00edculo<\/p>\n<p>\u2022 Control de acceso flexible<\/p>\n<p>\u2022 Capacidad del eje de 30 toneladas<\/p>\n<p>\u2022 PC de estaci\u00f3n de trabajo avanzada<\/p>\n<p>\u2022 Comparaci\u00f3n autom\u00e1tica de im\u00e1genes<\/p>\n<p>\u2022 Vigilancia en tiempo real<\/p>\n<p>&nbsp;<\/p>\n<table border=\"1\" cellspacing=\"0\">\n<tbody>\n<tr>\n<td>Camara<\/td>\n<td>\n<pre id=\"tw-target-text\" class=\"tw-data-text tw-ta tw-text-small\" dir=\"ltr\" data-placeholder=\"Traducci\u00f3n\" data-fulltext=\"\"><span lang=\"es\">Intelligent color progresivo de l\u00ednea de escaneo r\u00e1pido CCD de im\u00e1genes<\/span><\/pre>\n<\/td>\n<\/tr>\n<tr>\n<td>\n<pre id=\"tw-target-text\" class=\"tw-data-text tw-ta tw-text-medium\" dir=\"ltr\" data-placeholder=\"Traducci\u00f3n\" data-fulltext=\"\"><span lang=\"es\">Resoluci\u00f3n vertical de la imagen<\/span><\/pre>\n<\/td>\n<td>\n<pre id=\"tw-target-text\" class=\"tw-data-text tw-ta tw-text-medium\" dir=\"ltr\" data-placeholder=\"Traducci\u00f3n\" data-fulltext=\"\"><span lang=\"es\">5000 * 2048 p\u00edxeles<\/span><\/pre>\n<\/td>\n<\/tr>\n<tr>\n<td>\n<pre id=\"tw-target-text\" class=\"tw-data-text tw-ta tw-text-small\" dir=\"ltr\" data-placeholder=\"Traducci\u00f3n\" data-fulltext=\"\"><span lang=\"es\">Velocidad del veh\u00edculo<\/span><\/pre>\n<\/td>\n<td>\n<pre id=\"tw-target-text\" class=\"tw-data-text tw-ta tw-text-small\" dir=\"ltr\" data-placeholder=\"Traducci\u00f3n\" data-fulltext=\"\"><span lang=\"es\">1-60 km \/ h (velocidad recomendada: \u226430km \/ h)<\/span><\/pre>\n<\/td>\n<\/tr>\n<tr>\n<td>\n<pre id=\"tw-target-text\" class=\"tw-data-text tw-ta tw-text-small\" dir=\"ltr\" data-placeholder=\"Traducci\u00f3n\" data-fulltext=\"\"><span lang=\"es\">Campo de visi\u00f3n efectivo (FOV)<\/span><\/pre>\n<\/td>\n<td>\n<pre id=\"tw-target-text\" class=\"tw-data-text tw-ta tw-text-small\" dir=\"ltr\" data-placeholder=\"Traducci\u00f3n\" data-fulltext=\"\"><span lang=\"es\">menos de 170 \u00b0<\/span><\/pre>\n<\/td>\n<\/tr>\n<tr>\n<td>Luz auxiliar<\/td>\n<td>\n<pre id=\"tw-target-text\" class=\"tw-data-text tw-ta tw-text-small\" dir=\"ltr\" data-placeholder=\"Traducci\u00f3n\" data-fulltext=\"\"><span lang=\"es\">160W<\/span><\/pre>\n<\/td>\n<\/tr>\n<tr>\n<td>\n<pre id=\"tw-target-text\" class=\"tw-data-text tw-ta tw-text-small\" dir=\"ltr\" data-placeholder=\"Traducci\u00f3n\" data-fulltext=\"\"><span lang=\"es\">Capacidad de peso<\/span><\/pre>\n<\/td>\n<td>\n<pre id=\"tw-target-text\" class=\"tw-data-text tw-ta tw-text-small\" dir=\"ltr\" data-placeholder=\"Traducci\u00f3n\" data-fulltext=\"\"><span lang=\"es\">\u226430T<\/span><\/pre>\n<\/td>\n<\/tr>\n<tr>\n<td>\n<pre id=\"tw-target-text\" class=\"tw-data-text tw-ta tw-text-small\" dir=\"ltr\" data-placeholder=\"Traducci\u00f3n\" data-fulltext=\"\"><span lang=\"es\">Grado a prueba de agua<\/span><\/pre>\n<\/td>\n<td>IP68<\/td>\n<\/tr>\n<tr>\n<td>\n<pre id=\"tw-target-text\" class=\"tw-data-text tw-ta tw-text-small\" dir=\"ltr\" data-placeholder=\"Traducci\u00f3n\" data-fulltext=\"\"><span lang=\"es\">Peso del dispositivo<\/span><\/pre>\n<\/td>\n<td>16 KG<\/td>\n<\/tr>\n<tr>\n<td>\n<pre id=\"tw-target-text\" class=\"tw-data-text tw-ta tw-text-small\" dir=\"ltr\" data-placeholder=\"Traducci\u00f3n\" data-fulltext=\"\"><span lang=\"es\">Tama\u00f1o del dispositivo<\/span><\/pre>\n<\/td>\n<td>\n<pre id=\"tw-target-text\" class=\"tw-data-text tw-ta tw-text-small\" dir=\"ltr\" data-placeholder=\"Traducci\u00f3n\" data-fulltext=\"\"><span lang=\"es\">670 mm * 550 mm * 750 mm<\/span><\/pre>\n<\/td>\n<\/tr>\n<tr>\n<td>\n<pre id=\"tw-target-text\" class=\"tw-data-text tw-ta tw-text-small\" dir=\"ltr\" data-placeholder=\"Traducci\u00f3n\" data-fulltext=\"\"><span lang=\"es\">peso del paquete<\/span><\/pre>\n<\/td>\n<td>95 KG<\/td>\n<\/tr>\n<tr>\n<td>\n<pre id=\"tw-target-text\" class=\"tw-data-text tw-ta tw-text-small\" dir=\"ltr\" data-placeholder=\"Traducci\u00f3n\" data-fulltext=\"\"><span lang=\"es\">Tama\u00f1o del paquete<\/span><\/pre>\n<\/td>\n<td>\n<pre id=\"tw-target-text\" class=\"tw-data-text tw-ta tw-text-small\" dir=\"ltr\" data-placeholder=\"Traducci\u00f3n\" data-fulltext=\"\"><span lang=\"es\">850 mm * 650 mm * 970 mm<\/span><\/pre>\n<\/td>\n<\/tr>\n<tr>\n<td>\n<pre id=\"tw-target-text\" class=\"tw-data-text tw-ta tw-text-small\" dir=\"ltr\" data-placeholder=\"Traducci\u00f3n\" data-fulltext=\"\"><span lang=\"es\">Interface de comunicaci\u00f3n<\/span><\/pre>\n<\/td>\n<td>RJ45<\/td>\n<\/tr>\n<tr>\n<td>\n<pre id=\"tw-target-text\" class=\"tw-data-text tw-ta tw-text-small\" dir=\"ltr\" data-placeholder=\"Traducci\u00f3n\" data-fulltext=\"\"><span lang=\"es\">Temperatura de funcionamiento<\/span><\/pre>\n<\/td>\n<td>\n<pre id=\"tw-target-text\" class=\"tw-data-text tw-ta tw-text-small\" dir=\"ltr\" data-placeholder=\"Traducci\u00f3n\" data-fulltext=\"\"><span lang=\"es\">-10 \u2103 a 60 \u2103<\/span><\/pre>\n<\/td>\n<\/tr>\n<tr>\n<td>\n<pre id=\"tw-target-text\" class=\"tw-data-text tw-ta tw-text-small\" dir=\"ltr\" data-placeholder=\"Traducci\u00f3n\" data-fulltext=\"\"><span lang=\"es\">Temperatura de almacenamiento<\/span><\/pre>\n<\/td>\n<td>\n<pre id=\"tw-target-text\" class=\"tw-data-text tw-ta tw-text-small\" dir=\"ltr\" data-placeholder=\"Traducci\u00f3n\" data-fulltext=\"\"><span lang=\"es\">-40 \u2103 a 75 \u2103<\/span><\/pre>\n<\/td>\n<\/tr>\n<tr>\n<td>\n<pre id=\"tw-target-text\" class=\"tw-data-text tw-ta tw-text-small\" dir=\"ltr\" data-placeholder=\"Traducci\u00f3n\" data-fulltext=\"\"><span lang=\"es\">Tensi\u00f3n de funcionamiento<\/span><\/pre>\n<\/td>\n<td>\n<pre id=\"tw-target-text\" class=\"tw-data-text tw-ta tw-text-small\" dir=\"ltr\" data-placeholder=\"Traducci\u00f3n\" data-fulltext=\"\"><span lang=\"es\">AC220V \/ 110V, 50-60HZ<\/span><\/pre>\n<\/td>\n<\/tr>\n<tr>\n<td>\n<pre id=\"tw-target-text\" class=\"tw-data-text tw-ta tw-text-small\" dir=\"ltr\" data-placeholder=\"Traducci\u00f3n\" data-fulltext=\"\"><span lang=\"es\">C\u00e1mara de vigilancia<\/span><\/pre>\n<\/td>\n<td>\n<pre id=\"tw-target-text\" class=\"tw-data-text tw-ta tw-text-small\" dir=\"ltr\" data-placeholder=\"Traducci\u00f3n\" data-fulltext=\"\"><span lang=\"es\">C\u00e1mara de 2MP HD<\/span><\/pre>\n<\/td>\n<\/tr>\n<tr>\n<td>\n<pre id=\"tw-target-text\" class=\"tw-data-text tw-ta tw-text-small\" dir=\"ltr\" data-placeholder=\"Traducci\u00f3n\" data-fulltext=\"\"><span lang=\"es\">UPC<\/span><\/pre>\n<\/td>\n<td>Intel Celeron J1900<\/td>\n<\/tr>\n<tr>\n<td>Memoria<\/td>\n<td>4GB de RAM<\/td>\n<\/tr>\n<tr>\n<td>Disco duro<\/td>\n<td>500G<\/td>\n<\/tr>\n<tr>\n<td>Comunicaci\u00f3n<\/td>\n<td>Dual LAN (Intel Gigabit)\u00a0USB2.0<\/td>\n<\/tr>\n<tr>\n<td>Monitor<\/td>\n<td>22 pulgadas LCD, resoluci\u00f3n hasta 1920 * 1080<\/td>\n<\/tr>\n<\/tbody>\n<\/table>\n","protected":false},"excerpt":{"rendered":"<p><strong>ZK-VSCN100<\/strong>\u00a0es un sistema de inspecci\u00f3n port\u00e1til bajo el veh\u00edculo, se utiliza para detectar el tren de rodaje del veh\u00edculo. Cuando el veh\u00edculo pasa, el sistema puede reconocer r\u00e1pidamente la matr\u00edcula del veh\u00edculo y generar una imagen de alta definici\u00f3n del tren de rodaje del veh\u00edculo, que se grabar\u00e1 en la computadora. Con la funci\u00f3n de detecci\u00f3n de objetos extra\u00f1os, el sistema puede identificar de forma r\u00e1pida y precisa objetos sospechosos conectados a la parte inferior de los veh\u00edculos.<\/p>\n<p><strong>INCLUYE ESCANER Y CAJA DE MONITOREO Y REDUCTOR DE VELOCIDAD\/ CAMARA IP ZKTECO\/ SOBRE<\/strong><\/p>\n[fusion_button link=\"\" title=\"Cont\u00e1ctenos sin compromiso\" target=\"_self\" link_attributes=\"\" alignment=\"center\" modal=\"contacto\" hide_on_mobile=\"small-visibility,medium-visibility,large-visibility\" class=\"\" id=\"\" color=\"default\" button_gradient_top_color=\"\" button_gradient_bottom_color=\"\" button_gradient_top_color_hover=\"\" button_gradient_bottom_color_hover=\"\" accent_color=\"\" accent_hover_color=\"\" type=\"\" bevel_color=\"\" border_width=\"\" size=\"large\" stretch=\"default\" shape=\"pill\" icon=\"fa-info-circle\" icon_position=\"left\" icon_divider=\"no\" animation_type=\"\" animation_direction=\"left\" animation_speed=\"0.3\" animation_offset=\"\"]Solicitar Informaci\u00f3n [\/fusion_button]\n<p>&nbsp;<\/p>\n<div class=\"fb-like\" data-href=\"https:\/\/www.facebook.com\/adqisamx\/\" data-layout=\"button\" data-action=\"like\" data-size=\"large\" data-show-faces=\"true\" data-share=\"true\"><\/div>\n<p>&nbsp;<\/p>\n[fusion_modal name=\"contacto\" title=\"Cont\u00e1ctenos sin compromiso\" size=\"medium\" background=\"\" border_color=\"\" show_footer=\"yes\" class=\"\" id=\"\"]<\/p>\n<p>[contact-form-7 id=\"6\" title=\"Contacto\"]<\/p>\n<p>[\/fusion_modal]\n","protected":false},"featured_media":211,"comment_status":"closed","ping_status":"closed","template":"","meta":[],"class_list":{"0":"post-155","1":"product","2":"type-product","3":"status-publish","4":"has-post-thumbnail","6":"product_cat-sistemas-de-inspeccion","7":"product-grid-view","9":"first","10":"instock","11":"shipping-taxable","12":"product-type-simple"},"_links":{"self":[{"href":"https:\/\/adqisa.com.mx\/site\/wp-json\/wp\/v2\/product\/155","targetHints":{"allow":["GET"]}}],"collection":[{"href":"https:\/\/adqisa.com.mx\/site\/wp-json\/wp\/v2\/product"}],"about":[{"href":"https:\/\/adqisa.com.mx\/site\/wp-json\/wp\/v2\/types\/product"}],"replies":[{"embeddable":true,"href":"https:\/\/adqisa.com.mx\/site\/wp-json\/wp\/v2\/comments?post=155"}],"wp:featuredmedia":[{"embeddable":true,"href":"https:\/\/adqisa.com.mx\/site\/wp-json\/wp\/v2\/media\/211"}],"wp:attachment":[{"href":"https:\/\/adqisa.com.mx\/site\/wp-json\/wp\/v2\/media?parent=155"}],"curies":[{"name":"wp","href":"https:\/\/api.w.org\/{rel}","templated":true}]}}