{"id":222,"date":"2018-08-29T19:21:23","date_gmt":"2018-08-29T19:21:23","guid":{"rendered":"https:\/\/adqisa.com.mx\/site\/?post_type=product&#038;p=222"},"modified":"2018-12-19T22:15:59","modified_gmt":"2018-12-19T22:15:59","slug":"vertex-vent","status":"publish","type":"product","link":"https:\/\/adqisa.com.mx\/site\/product\/vertex-vent\/","title":{"rendered":"VERTEX \u00ae  ST"},"content":{"rendered":"<p><strong>Casco confortable para la industria<\/strong><\/p>\n<p>El casco VERTEX ST se ha dise\u00f1ado para proteger la cabeza de golpes y de ca\u00edda de objetos,\u00a0durante los trabajos realizados en el suelo. Su carcasa cerrada protege contra el riesgo el\u00e9ctrico\u00a0y las salpicaduras de metal fundido. Gracias a su arn\u00e9s textil de seis puntos es muy c\u00f3modo de\u00a0llevar y su sistema de regulaci\u00f3n CenterFit ajusta el contorno de cabeza conservando el centrado\u00a0del casco en la cabeza. El VERTEX ST se ha dise\u00f1ado para integrar de forma \u00f3ptima una linterna\u00a0frontal PIXA o DUO, una pantalla de protecci\u00f3n VIZIR, VIZIR SHADOW o VIZEN as\u00ed como orejeras\u00a0de protecci\u00f3n.<\/p>\n","protected":false},"excerpt":{"rendered":"<p>Indispensables para los trabajos en altura y determinadas actividades industriales, los cascos aseguran una protecci\u00f3n eficaz del usuario en caso de ca\u00edda de objetos y en caso de ca\u00edda de la persona.<\/p>\n<p><strong>Regulaci\u00f3n CenterFit<\/strong><\/p>\n<p>La regulaci\u00f3n del contorno de cabeza se realiza mediante la acci\u00f3n simult\u00e1nea de las dos ruedas de regulaci\u00f3n del sistema CenterFit. Las ruedas de regulaci\u00f3n se manipulan f\u00e1cilmente con guantes.<\/p>\n<p>El sistema CenterFit permite un centrado perfecto del casco y una mejor sujeci\u00f3n en la cabeza.<\/p>\n<p style=\"text-align: center;\"><img loading=\"lazy\" decoding=\"async\" class=\"alignnone size-full wp-image-220\" src=\"https:\/\/adqisa.com.mx\/site\/wp-content\/uploads\/2018\/08\/cascos-centerfit.jpg\" alt=\"\" width=\"550\" height=\"146\" srcset=\"https:\/\/adqisa.com.mx\/site\/wp-content\/uploads\/2018\/08\/cascos-centerfit-200x53.jpg 200w, https:\/\/adqisa.com.mx\/site\/wp-content\/uploads\/2018\/08\/cascos-centerfit-300x80.jpg 300w, https:\/\/adqisa.com.mx\/site\/wp-content\/uploads\/2018\/08\/cascos-centerfit-400x106.jpg 400w, https:\/\/adqisa.com.mx\/site\/wp-content\/uploads\/2018\/08\/cascos-centerfit.jpg 550w\" sizes=\"auto, (max-width: 550px) 100vw, 550px\" \/><\/p>\n<p>Los cascos VERTEX disponen de un arn\u00e9s\u00a0textil de seis puntos que se adapta a la forma\u00a0de la cabeza para conseguir m\u00e1s comodidad.<br \/>\nLa absorci\u00f3n de impactos se realiza por\u00a0deformaci\u00f3n de la carcasa.<br \/>\nPeso: 455 g<\/p>\n<p style=\"text-align: center;\"><img loading=\"lazy\" decoding=\"async\" class=\"alignnone size-full wp-image-218\" src=\"https:\/\/adqisa.com.mx\/site\/wp-content\/uploads\/2018\/08\/Construccion-confortable.jpg\" alt=\"\" width=\"338\" height=\"277\" srcset=\"https:\/\/adqisa.com.mx\/site\/wp-content\/uploads\/2018\/08\/Construccion-confortable-200x164.jpg 200w, https:\/\/adqisa.com.mx\/site\/wp-content\/uploads\/2018\/08\/Construccion-confortable-300x246.jpg 300w, https:\/\/adqisa.com.mx\/site\/wp-content\/uploads\/2018\/08\/Construccion-confortable.jpg 338w\" sizes=\"auto, (max-width: 338px) 100vw, 338px\" \/><\/p>\n<p>&nbsp;<\/p>\n[fusion_button link=\"\" title=\"Cont\u00e1ctenos sin compromiso\" target=\"_self\" link_attributes=\"\" alignment=\"center\" modal=\"contacto\" hide_on_mobile=\"small-visibility,medium-visibility,large-visibility\" class=\"\" id=\"\" color=\"default\" button_gradient_top_color=\"\" button_gradient_bottom_color=\"\" button_gradient_top_color_hover=\"\" button_gradient_bottom_color_hover=\"\" accent_color=\"\" accent_hover_color=\"\" type=\"\" bevel_color=\"\" border_width=\"\" size=\"large\" stretch=\"default\" shape=\"pill\" icon=\"fa-info-circle\" icon_position=\"left\" icon_divider=\"no\" animation_type=\"\" animation_direction=\"left\" animation_speed=\"0.3\" animation_offset=\"\"]Solicitar Informaci\u00f3n [\/fusion_button]\n<p>&nbsp;<\/p>\n<div class=\"fb-like\" data-href=\"https:\/\/www.facebook.com\/adqisamx\/\" data-layout=\"button\" data-action=\"like\" data-size=\"large\" data-show-faces=\"true\" data-share=\"true\"><\/div>\n<p>&nbsp;<\/p>\n[fusion_modal name=\"contacto\" title=\"Cont\u00e1ctenos sin compromiso\" size=\"medium\" background=\"\" border_color=\"\" show_footer=\"yes\" class=\"\" id=\"\"]<\/p>\n<p>[contact-form-7 id=\"6\" title=\"Contacto\"]<\/p>\n<p>[\/fusion_modal]\n","protected":false},"featured_media":225,"comment_status":"closed","ping_status":"closed","template":"","meta":[],"class_list":{"0":"post-222","1":"product","2":"type-product","3":"status-publish","4":"has-post-thumbnail","6":"product_cat-cascos","7":"product-grid-view","9":"first","10":"instock","11":"shipping-taxable","12":"product-type-simple"},"_links":{"self":[{"href":"https:\/\/adqisa.com.mx\/site\/wp-json\/wp\/v2\/product\/222","targetHints":{"allow":["GET"]}}],"collection":[{"href":"https:\/\/adqisa.com.mx\/site\/wp-json\/wp\/v2\/product"}],"about":[{"href":"https:\/\/adqisa.com.mx\/site\/wp-json\/wp\/v2\/types\/product"}],"replies":[{"embeddable":true,"href":"https:\/\/adqisa.com.mx\/site\/wp-json\/wp\/v2\/comments?post=222"}],"wp:featuredmedia":[{"embeddable":true,"href":"https:\/\/adqisa.com.mx\/site\/wp-json\/wp\/v2\/media\/225"}],"wp:attachment":[{"href":"https:\/\/adqisa.com.mx\/site\/wp-json\/wp\/v2\/media?parent=222"}],"curies":[{"name":"wp","href":"https:\/\/api.w.org\/{rel}","templated":true}]}}