{"id":238,"date":"2018-08-29T20:37:02","date_gmt":"2018-08-29T20:37:02","guid":{"rendered":"https:\/\/adqisa.com.mx\/site\/?post_type=product&#038;p=238"},"modified":"2018-12-19T22:15:14","modified_gmt":"2018-12-19T22:15:14","slug":"newton-version-internacional-anticaidas","status":"publish","type":"product","link":"https:\/\/adqisa.com.mx\/site\/product\/newton-version-internacional-anticaidas\/","title":{"rendered":"NEWTON versi\u00f3n internacional Anticaidas"},"content":{"rendered":"<p><strong>Arneses antica\u00eddas<\/strong><\/p>\n<p>El arn\u00e9s antica\u00eddas NEWTON es confortable en el trabajo y f\u00e1cil de utilizar.<br \/>\nPermite guardar ergon\u00f3micamente los conectores MGO y est\u00e1 provisto de testigos de ca\u00edda.<br \/>\nEst\u00e1 certificado seg\u00fan las normas norteamericanas, europeas y rusas.<\/p>\n<p>Las cintas del arn\u00e9s NEWTON est\u00e1n provistas\u00a0de un c\u00f3digo de color (amarillo\/negro) que\u00a0permite identificar r\u00e1pidamente la parte superior\u00a0e inferior del arn\u00e9s antes de pon\u00e9rselo.<\/p>\n","protected":false},"excerpt":{"rendered":"<p>Estos arneses est\u00e1n destinados a la protecci\u00f3n contra las ca\u00eddas. Permiten, en particular,conectar elementos de amarre con absorbedor de energ\u00eda ABSORBICA o un antica\u00eddas deslizante ASAP.<\/p>\n<p>\u2022 Confort en todas las fases de trabajo<br \/>\nLos arneses NEWTON est\u00e1n dise\u00f1ados para no obstaculizar al trabajador en sus desplazamientos. El dise\u00f1o anat\u00f3mico y ligero permite llevarlo cerca del cuerpo, y tener a la vez una libertad de movimientos \u00f3ptima.<br \/>\n\u2022Facilidad de utilizaci\u00f3n<br \/>\nApertura y cierre f\u00e1cil del arn\u00e9s La hebilla autom\u00e1tica FAST esternal permite abrir y cerrar el arn\u00e9s f\u00e1cil y r\u00e1pidamente.<br \/>\nAcceso inmediato a las herramientas Los anillos portamaterial simplifican la organizaci\u00f3n de las herramientas y las trabillas permiten a\u00f1adir una bolsa TOOLGBAG.<\/p>\n<p>Disponibles en versiones internacionales<\/p>\n<p>Los arneses NEWTON, que cumplen a la vez con las exigencias de las normas norteamericanas, europeas y rusas, disponen de funcionalidades adicionales.<br \/>\nSistema para guardar los conectores de los elementos de amarre. Los arneses disponen de un sistema para guardar los conectores MGO de los<br \/>\nelementos de amarre antica\u00eddas en cada tirante. En caso de ca\u00edda, este sistema permite el despliegue del absorbedor liberando los conectores MGO.<br \/>\nFacilidad de control del arn\u00e9s. Los puntos de enganche esternal y dorsal est\u00e1n equipados con testigos de ca\u00edda: despu\u00e9s de la ca\u00edda aparece una cinta roja, indicando que el arn\u00e9s se debe dar de baja.<\/p>\n[fusion_button link=\"\" title=\"Cont\u00e1ctenos sin compromiso\" target=\"_self\" link_attributes=\"\" alignment=\"center\" modal=\"contacto\" hide_on_mobile=\"small-visibility,medium-visibility,large-visibility\" class=\"\" id=\"\" color=\"default\" button_gradient_top_color=\"\" button_gradient_bottom_color=\"\" button_gradient_top_color_hover=\"\" button_gradient_bottom_color_hover=\"\" accent_color=\"\" accent_hover_color=\"\" type=\"\" bevel_color=\"\" border_width=\"\" size=\"large\" stretch=\"default\" shape=\"pill\" icon=\"fa-info-circle\" icon_position=\"left\" icon_divider=\"no\" animation_type=\"\" animation_direction=\"left\" animation_speed=\"0.3\" animation_offset=\"\"]Solicitar Informaci\u00f3n [\/fusion_button]\n<p>&nbsp;<\/p>\n<div class=\"fb-like\" data-href=\"https:\/\/www.facebook.com\/adqisamx\/\" data-layout=\"button\" data-action=\"like\" data-size=\"large\" data-show-faces=\"true\" data-share=\"true\"><\/div>\n<p>&nbsp;<\/p>\n[fusion_modal name=\"contacto\" title=\"Cont\u00e1ctenos sin compromiso\" size=\"medium\" background=\"\" border_color=\"\" show_footer=\"yes\" class=\"\" id=\"\"]<\/p>\n<p>[contact-form-7 id=\"6\" title=\"Contacto\"]<\/p>\n<p>[\/fusion_modal]\n","protected":false},"featured_media":239,"comment_status":"closed","ping_status":"closed","template":"","meta":[],"class_list":{"0":"post-238","1":"product","2":"type-product","3":"status-publish","4":"has-post-thumbnail","6":"product_cat-arneses","7":"product-grid-view","9":"first","10":"instock","11":"shipping-taxable","12":"product-type-simple"},"_links":{"self":[{"href":"https:\/\/adqisa.com.mx\/site\/wp-json\/wp\/v2\/product\/238","targetHints":{"allow":["GET"]}}],"collection":[{"href":"https:\/\/adqisa.com.mx\/site\/wp-json\/wp\/v2\/product"}],"about":[{"href":"https:\/\/adqisa.com.mx\/site\/wp-json\/wp\/v2\/types\/product"}],"replies":[{"embeddable":true,"href":"https:\/\/adqisa.com.mx\/site\/wp-json\/wp\/v2\/comments?post=238"}],"wp:featuredmedia":[{"embeddable":true,"href":"https:\/\/adqisa.com.mx\/site\/wp-json\/wp\/v2\/media\/239"}],"wp:attachment":[{"href":"https:\/\/adqisa.com.mx\/site\/wp-json\/wp\/v2\/media?parent=238"}],"curies":[{"name":"wp","href":"https:\/\/api.w.org\/{rel}","templated":true}]}}