{"id":252,"date":"2018-09-10T21:57:32","date_gmt":"2018-09-10T21:57:32","guid":{"rendered":"https:\/\/adqisa.com.mx\/site\/?post_type=product&#038;p=252"},"modified":"2018-12-19T22:25:33","modified_gmt":"2018-12-19T22:25:33","slug":"elemento-de-amarre-grillon-plus","status":"publish","type":"product","link":"https:\/\/adqisa.com.mx\/site\/product\/elemento-de-amarre-grillon-plus\/","title":{"rendered":"Elemento de amarre Grillon Plus"},"content":{"rendered":"<p><strong>Elemento de amarre regulable de sujeci\u00f3n de alta resistencia a la abrasi\u00f3n.<\/strong><\/p>\n<p>El elemento de amarre GRILLON PLUS se utiliza para realizar sistemas de sujeci\u00f3n como complemento de un dispositivo antica\u00eddas. Permite ajustar con precisi\u00f3n y con gran facilidad la longitud necesaria, en funci\u00f3n de las caracter\u00edsticas del lugar de trabajo, para posicionarse confortablemente. La cuerda de fibra de aramida ofrece una excelente resistencia a la abrasi\u00f3n.<br \/>\nSeg\u00fan la configuraci\u00f3n, se puede utilizar en simple o en doble. El GRILLON PLUS est\u00e1 disponible en dos longitudes: 2 y 3 m y est\u00e1 certificado seg\u00fan las normas norteamericanas, europeas y rusas.<\/p>\n","protected":false},"excerpt":{"rendered":"<p>Los elementos de amarre de sujeci\u00f3n permiten al usuario posicionarse con precisi\u00f3n en su puesto de trabajo, con los pies apoyados en la estructura. Pueden adaptarse a diferentes configuraciones de anclaje.<\/p>\n<p>Los elementos de amarre GRILLON se sirven sin conector, para as\u00ed poderlos combinar con cualquier tipo de conector seg\u00fan la necesidad del usuario.<\/p>\n[fusion_button link=\"\" title=\"Cont\u00e1ctenos sin compromiso\" target=\"_self\" link_attributes=\"\" alignment=\"center\" modal=\"contacto\" hide_on_mobile=\"small-visibility,medium-visibility,large-visibility\" class=\"\" id=\"\" color=\"default\" button_gradient_top_color=\"\" button_gradient_bottom_color=\"\" button_gradient_top_color_hover=\"\" button_gradient_bottom_color_hover=\"\" accent_color=\"\" accent_hover_color=\"\" type=\"\" bevel_color=\"\" border_width=\"\" size=\"large\" stretch=\"default\" shape=\"pill\" icon=\"fa-info-circle\" icon_position=\"left\" icon_divider=\"no\" animation_type=\"\" animation_direction=\"left\" animation_speed=\"0.3\" animation_offset=\"\"]Solicitar Informaci\u00f3n [\/fusion_button]\n<p>&nbsp;<\/p>\n<div class=\"fb-like\" data-href=\"https:\/\/www.facebook.com\/adqisamx\/\" data-layout=\"button\" data-action=\"like\" data-size=\"large\" data-show-faces=\"true\" data-share=\"true\"><\/div>\n<p>&nbsp;<\/p>\n[fusion_modal name=\"contacto\" title=\"Cont\u00e1ctenos sin compromiso\" size=\"medium\" background=\"\" border_color=\"\" show_footer=\"yes\" class=\"\" id=\"\"]<\/p>\n<p>[contact-form-7 id=\"6\" title=\"Contacto\"]<\/p>\n<p>[\/fusion_modal]\n","protected":false},"featured_media":254,"comment_status":"open","ping_status":"closed","template":"","meta":[],"class_list":{"0":"post-252","1":"product","2":"type-product","3":"status-publish","4":"has-post-thumbnail","6":"product_cat-elementos-de-amarre-y-absorbedores-de-energia","7":"product-grid-view","9":"first","10":"instock","11":"shipping-taxable","12":"product-type-simple"},"_links":{"self":[{"href":"https:\/\/adqisa.com.mx\/site\/wp-json\/wp\/v2\/product\/252","targetHints":{"allow":["GET"]}}],"collection":[{"href":"https:\/\/adqisa.com.mx\/site\/wp-json\/wp\/v2\/product"}],"about":[{"href":"https:\/\/adqisa.com.mx\/site\/wp-json\/wp\/v2\/types\/product"}],"replies":[{"embeddable":true,"href":"https:\/\/adqisa.com.mx\/site\/wp-json\/wp\/v2\/comments?post=252"}],"wp:featuredmedia":[{"embeddable":true,"href":"https:\/\/adqisa.com.mx\/site\/wp-json\/wp\/v2\/media\/254"}],"wp:attachment":[{"href":"https:\/\/adqisa.com.mx\/site\/wp-json\/wp\/v2\/media?parent=252"}],"curies":[{"name":"wp","href":"https:\/\/api.w.org\/{rel}","templated":true}]}}