{"id":263,"date":"2018-09-10T22:45:22","date_gmt":"2018-09-10T22:45:22","guid":{"rendered":"https:\/\/adqisa.com.mx\/site\/?post_type=product&#038;p=263"},"modified":"2018-12-19T22:26:21","modified_gmt":"2018-12-19T22:26:21","slug":"grillon-mgo","status":"publish","type":"product","link":"https:\/\/adqisa.com.mx\/site\/product\/grillon-mgo\/","title":{"rendered":"GRILLON MGO"},"content":{"rendered":"<p><strong>Elemento de amarre regulable de sujeci\u00f3n con conector MGO<\/strong><\/p>\n<p>El elemento de amarre GRILLON MGO se utiliza para realizar sistemas de sujeci\u00f3n como complemento de un dispositivo antica\u00eddas. Permite ajustar con precisi\u00f3n y con gran facilidad la longitud necesaria, en funci\u00f3n de las caracter\u00edsticas del lugar de trabajo, para posicionarse confortablemente. El conector de gran abertura es id\u00f3neo para conectarse a estructuras met\u00e1licas, a cables y a barrotes de gran di\u00e1metro. El GRILLON MGO est\u00e1 disponible en dos longitudes: 2 y 3 m y est\u00e1 certificado seg\u00fan las normas norteamericanas y europeas.<\/p>\n","protected":false},"excerpt":{"rendered":"<p>Los elementos de amarre de sujeci\u00f3n permiten al usuario posicionarse con precisi\u00f3n en su puesto de trabajo, con los pies apoyados en la estructura. Pueden adaptarse a diferentes configuraciones de anclaje.<\/p>\n<p>Los elementos de amarre GRILLON, combinados con un conector MGO con bloqueo de seguridad autom\u00e1tico, son id\u00f3neos para conectarse a estructuras met\u00e1licas o a cables y barrotes de gran di\u00e1metro.<\/p>\n[fusion_button link=\"\" title=\"Cont\u00e1ctenos sin compromiso\" target=\"_self\" link_attributes=\"\" alignment=\"center\" modal=\"contacto\" hide_on_mobile=\"small-visibility,medium-visibility,large-visibility\" class=\"\" id=\"\" color=\"default\" button_gradient_top_color=\"\" button_gradient_bottom_color=\"\" button_gradient_top_color_hover=\"\" button_gradient_bottom_color_hover=\"\" accent_color=\"\" accent_hover_color=\"\" type=\"\" bevel_color=\"\" border_width=\"\" size=\"large\" stretch=\"default\" shape=\"pill\" icon=\"fa-info-circle\" icon_position=\"left\" icon_divider=\"no\" animation_type=\"\" animation_direction=\"left\" animation_speed=\"0.3\" animation_offset=\"\"]Solicitar Informaci\u00f3n [\/fusion_button]\n<p>&nbsp;<\/p>\n<div class=\"fb-like\" data-href=\"https:\/\/www.facebook.com\/adqisamx\/\" data-layout=\"button\" data-action=\"like\" data-size=\"large\" data-show-faces=\"true\" data-share=\"true\"><\/div>\n<p>&nbsp;<\/p>\n[fusion_modal name=\"contacto\" title=\"Cont\u00e1ctenos sin compromiso\" size=\"medium\" background=\"\" border_color=\"\" show_footer=\"yes\" class=\"\" id=\"\"]<\/p>\n<p>[contact-form-7 id=\"6\" title=\"Contacto\"]<\/p>\n<p>[\/fusion_modal]\n","protected":false},"featured_media":264,"comment_status":"open","ping_status":"closed","template":"","meta":[],"class_list":{"0":"post-263","1":"product","2":"type-product","3":"status-publish","4":"has-post-thumbnail","6":"product_cat-elementos-de-amarre-y-absorbedores-de-energia","7":"product-grid-view","9":"first","10":"instock","11":"shipping-taxable","12":"product-type-simple"},"_links":{"self":[{"href":"https:\/\/adqisa.com.mx\/site\/wp-json\/wp\/v2\/product\/263","targetHints":{"allow":["GET"]}}],"collection":[{"href":"https:\/\/adqisa.com.mx\/site\/wp-json\/wp\/v2\/product"}],"about":[{"href":"https:\/\/adqisa.com.mx\/site\/wp-json\/wp\/v2\/types\/product"}],"replies":[{"embeddable":true,"href":"https:\/\/adqisa.com.mx\/site\/wp-json\/wp\/v2\/comments?post=263"}],"wp:featuredmedia":[{"embeddable":true,"href":"https:\/\/adqisa.com.mx\/site\/wp-json\/wp\/v2\/media\/264"}],"wp:attachment":[{"href":"https:\/\/adqisa.com.mx\/site\/wp-json\/wp\/v2\/media?parent=263"}],"curies":[{"name":"wp","href":"https:\/\/api.w.org\/{rel}","templated":true}]}}