{"id":273,"date":"2018-09-11T00:11:39","date_gmt":"2018-09-11T00:11:39","guid":{"rendered":"https:\/\/adqisa.com.mx\/site\/?post_type=product&#038;p=273"},"modified":"2018-12-19T22:06:58","modified_gmt":"2018-12-19T22:06:58","slug":"asap-version-internacional","status":"publish","type":"product","link":"https:\/\/adqisa.com.mx\/site\/product\/asap-version-internacional\/","title":{"rendered":"ASAP \u00ae  versi\u00f3n internacional"},"content":{"rendered":"<p><strong>Antica\u00eddas deslizante para cuerda con mosquet\u00f3n OXAN<\/strong><\/p>\n<p>Con su sistema de bloqueo \u00fanico, el ASAP es una referencia en la protecci\u00f3n contra las ca\u00eddas para los trabajadores en altura. En utilizaci\u00f3n normal, el aparato se desplaza libremente a lo largo de la cuerda, sin intervenci\u00f3n manual, para seguir al usuario en sus desplazamientos. En caso<br \/>\nde choque o aceleraci\u00f3n brusca, el ASAP se bloquea en la cuerda e inmoviliza al usuario.<br \/>\nEl ASAP tambi\u00e9n puede combinarse con un absorbedor de energ\u00eda para trabajar separado de la cuerda. Equipado con un mosquet\u00f3n OXAN TRIACT-LOCK, est\u00e1 certificado seg\u00fan las normas norteamericanas y europeas.<\/p>\n","protected":false},"excerpt":{"rendered":"<p>Instalados en una cuerda de seguridad, los antica\u00eddas deslizantes ASAP y ASAP LOCK se conectan al punto de enganche esternal o dorsal del arn\u00e9s. Acompa\u00f1an al usuario en sus desplazamientos y, en caso de choque o aceleraci\u00f3n s\u00fabita, se bloquean para detener la ca\u00edda.<\/p>\n<ul>\n<li>Protecci\u00f3n permanente contra las ca\u00eddas<\/li>\n<\/ul>\n<p>Bloqueo integrado<\/p>\n<p>Eficacia en todas las configuraciones<\/p>\n<ul>\n<li>F\u00e1cil de utilizar<\/li>\n<\/ul>\n<p>Sin intervenci\u00f3n del usuario<\/p>\n<p>Colocaci\u00f3n r\u00e1pida<\/p>\n<p>Separaci\u00f3n de la cuerda de seguridad<\/p>\n[fusion_button link=\"\" title=\"Cont\u00e1ctenos sin compromiso\" target=\"_self\" link_attributes=\"\" alignment=\"center\" modal=\"contacto\" hide_on_mobile=\"small-visibility,medium-visibility,large-visibility\" class=\"\" id=\"\" color=\"default\" button_gradient_top_color=\"\" button_gradient_bottom_color=\"\" button_gradient_top_color_hover=\"\" button_gradient_bottom_color_hover=\"\" accent_color=\"\" accent_hover_color=\"\" type=\"\" bevel_color=\"\" border_width=\"\" size=\"large\" stretch=\"default\" shape=\"pill\" icon=\"fa-info-circle\" icon_position=\"left\" icon_divider=\"no\" animation_type=\"\" animation_direction=\"left\" animation_speed=\"0.3\" animation_offset=\"\"]Solicitar Informaci\u00f3n [\/fusion_button]\n<p>&nbsp;<\/p>\n<div class=\"fb-like\" data-href=\"https:\/\/www.facebook.com\/adqisamx\/\" data-layout=\"button\" data-action=\"like\" data-size=\"large\" data-show-faces=\"true\" data-share=\"true\"><\/div>\n<p>&nbsp;<\/p>\n[fusion_modal name=\"contacto\" title=\"Cont\u00e1ctenos sin compromiso\" size=\"medium\" background=\"\" border_color=\"\" show_footer=\"yes\" class=\"\" id=\"\"]<\/p>\n<p>[contact-form-7 id=\"6\" title=\"Contacto\"]<\/p>\n<p>[\/fusion_modal]\n","protected":false},"featured_media":274,"comment_status":"open","ping_status":"closed","template":"","meta":[],"class_list":{"0":"post-273","1":"product","2":"type-product","3":"status-publish","4":"has-post-thumbnail","6":"product_cat-anticaidas-deslizantes","7":"product-grid-view","9":"first","10":"instock","11":"shipping-taxable","12":"product-type-simple"},"_links":{"self":[{"href":"https:\/\/adqisa.com.mx\/site\/wp-json\/wp\/v2\/product\/273","targetHints":{"allow":["GET"]}}],"collection":[{"href":"https:\/\/adqisa.com.mx\/site\/wp-json\/wp\/v2\/product"}],"about":[{"href":"https:\/\/adqisa.com.mx\/site\/wp-json\/wp\/v2\/types\/product"}],"replies":[{"embeddable":true,"href":"https:\/\/adqisa.com.mx\/site\/wp-json\/wp\/v2\/comments?post=273"}],"wp:featuredmedia":[{"embeddable":true,"href":"https:\/\/adqisa.com.mx\/site\/wp-json\/wp\/v2\/media\/274"}],"wp:attachment":[{"href":"https:\/\/adqisa.com.mx\/site\/wp-json\/wp\/v2\/media?parent=273"}],"curies":[{"name":"wp","href":"https:\/\/api.w.org\/{rel}","templated":true}]}}