{"id":276,"date":"2018-09-11T19:53:33","date_gmt":"2018-09-11T19:53:33","guid":{"rendered":"https:\/\/adqisa.com.mx\/site\/?post_type=product&#038;p=276"},"modified":"2018-12-19T22:16:28","modified_gmt":"2018-12-19T22:16:28","slug":"ok-mosqueton-oval-ligero","status":"publish","type":"product","link":"https:\/\/adqisa.com.mx\/site\/product\/ok-mosqueton-oval-ligero\/","title":{"rendered":"OK Mosquet\u00f3n oval ligero"},"content":{"rendered":"<p><strong>OK<\/strong><br \/>\n<strong>Mosquet\u00f3n oval ligero<\/strong><\/p>\n<p>El mosquet\u00f3n ligero OK est\u00e1 fabricado con aluminio. Tiene una forma ovalada que permite posicionar de forma \u00f3ptima los aparatos de secci\u00f3n ancha tipo polea, bloqueador o antica\u00eddas deslizante. Su dise\u00f1o interior fluido y el sistema Keylock facilitan las manipulaciones. Est\u00e1 disponible en tres sistemas de bloqueo: sistemas autom\u00e1ticos TRIACT-LOCK y BALL-LOCK y sistema manual SCREW-LOCK. El OK se puede combinar con la barra CAPTIV para favorecer la solicitaci\u00f3n del mosquet\u00f3n seg\u00fan el eje mayor, limitar el riesgo de volteo y solidarizarlo con el aparato.<\/p>\n","protected":false},"excerpt":{"rendered":"<p><strong>Mosquet\u00f3n Ligero<\/strong><\/p>\n<p><strong>Dise\u00f1o que facilita las manipulaciones<\/strong><br \/>\nDise\u00f1o interior fluido El dise\u00f1o interior fluido limita el riesgo de punto estable y facilita la rotaci\u00f3n del mosquet\u00f3n.<\/p>\n<p><strong>Relaci\u00f3n resistencia\/ligereza \u00f3ptima<\/strong><br \/>\nEl perfil en H asegura una relaci\u00f3n resistencia\/ligereza \u00f3ptima y protege los marcados de la abrasi\u00f3n.<\/p>\n<p><strong>Varios sistemas de bloqueo seg\u00fan la intensidad de utilizaci\u00f3n:<\/strong><\/p>\n<p>Para las manipulaciones frecuentes:<br \/>\nSistema autom\u00e1tico TRIACT-LOCK: El desbloqueo se realiza mediante empuje y giro del casquillo de seguridad.<\/p>\n<p>Sistema autom\u00e1tico BALL-LOCK: El desbloqueo se realiza mediante presi\u00f3n del indicador verde y giro del casquillo de seguridad. El indicador verde es visible s\u00f3lo cuando el mosquet\u00f3n est\u00e1 bloqueado.<\/p>\n<p>Para las manipulaciones ocasionales:<br \/>\nSistema manual a rosca SCREW-LOCK: Este sistema es adecuado para los ambientes dif\u00edciles donde las impurezas (barro, hielo) podr\u00edan gripar un sistema de bloqueo autom\u00e1tico. Un indicador rojo es visible cuando el mosquet\u00f3n no est\u00e1 bloqueado.<\/p>\n[fusion_button link=\"\" title=\"Cont\u00e1ctenos sin compromiso\" target=\"_self\" link_attributes=\"\" alignment=\"center\" modal=\"contacto\" hide_on_mobile=\"small-visibility,medium-visibility,large-visibility\" class=\"\" id=\"\" color=\"default\" button_gradient_top_color=\"\" button_gradient_bottom_color=\"\" button_gradient_top_color_hover=\"\" button_gradient_bottom_color_hover=\"\" accent_color=\"\" accent_hover_color=\"\" type=\"\" bevel_color=\"\" border_width=\"\" size=\"large\" stretch=\"default\" shape=\"pill\" icon=\"fa-info-circle\" icon_position=\"left\" icon_divider=\"no\" animation_type=\"\" animation_direction=\"left\" animation_speed=\"0.3\" animation_offset=\"\"]Solicitar Informaci\u00f3n [\/fusion_button]\n<p>&nbsp;<\/p>\n<div class=\"fb-like\" data-href=\"https:\/\/www.facebook.com\/adqisamx\/\" data-layout=\"button\" data-action=\"like\" data-size=\"large\" data-show-faces=\"true\" data-share=\"true\"><\/div>\n<p>&nbsp;<\/p>\n[fusion_modal name=\"contacto\" title=\"Cont\u00e1ctenos sin compromiso\" size=\"medium\" background=\"\" border_color=\"\" show_footer=\"yes\" class=\"\" id=\"\"]<\/p>\n<p>[contact-form-7 id=\"6\" title=\"Contacto\"]<\/p>\n<p>[\/fusion_modal]\n","protected":false},"featured_media":280,"comment_status":"open","ping_status":"closed","template":"","meta":[],"class_list":{"0":"post-276","1":"product","2":"type-product","3":"status-publish","4":"has-post-thumbnail","6":"product_cat-conectores","7":"product-grid-view","9":"first","10":"instock","11":"shipping-taxable","12":"product-type-simple"},"_links":{"self":[{"href":"https:\/\/adqisa.com.mx\/site\/wp-json\/wp\/v2\/product\/276","targetHints":{"allow":["GET"]}}],"collection":[{"href":"https:\/\/adqisa.com.mx\/site\/wp-json\/wp\/v2\/product"}],"about":[{"href":"https:\/\/adqisa.com.mx\/site\/wp-json\/wp\/v2\/types\/product"}],"replies":[{"embeddable":true,"href":"https:\/\/adqisa.com.mx\/site\/wp-json\/wp\/v2\/comments?post=276"}],"wp:featuredmedia":[{"embeddable":true,"href":"https:\/\/adqisa.com.mx\/site\/wp-json\/wp\/v2\/media\/280"}],"wp:attachment":[{"href":"https:\/\/adqisa.com.mx\/site\/wp-json\/wp\/v2\/media?parent=276"}],"curies":[{"name":"wp","href":"https:\/\/api.w.org\/{rel}","templated":true}]}}