{"id":294,"date":"2018-09-11T21:58:32","date_gmt":"2018-09-11T21:58:32","guid":{"rendered":"https:\/\/adqisa.com.mx\/site\/?post_type=product&#038;p=294"},"modified":"2018-12-19T22:28:38","modified_gmt":"2018-12-19T22:28:38","slug":"id-l-descensor-autofrenante-con-funcion-antipanico-para-el-rescate","status":"publish","type":"product","link":"https:\/\/adqisa.com.mx\/site\/product\/id-l-descensor-autofrenante-con-funcion-antipanico-para-el-rescate\/","title":{"rendered":"I\u2019D L Descensor autofrenante con funci\u00f3n antip\u00e1nico para el rescate"},"content":{"rendered":"<p><strong>I\u2019D L<\/strong><br \/>\n<strong>Descensor autofrenante con funci\u00f3n antip\u00e1nico para el rescate<\/strong><\/p>\n<p>El descensor autofrenante I&#8217;D L est\u00e1 destinado principalmente al rescate t\u00e9cnico. Provisto de una empu\u00f1adura multifunci\u00f3n que permite controlar la velocidad de descenso, posicionarse en el puesto de trabajo sin llave de bloqueo y desplazarse con fluidez por un plano inclinado u horizontal.<br \/>\nLa funci\u00f3n antip\u00e1nico integrada y la leva indicadora de error limitan los riesgos de accidente en caso de mala utilizaci\u00f3n. Por su construcci\u00f3n robusta se adapta especialmente al izado y al descenso de cargas pesadas.<\/p>\n","protected":false},"excerpt":{"rendered":"<p>Descensores autofrenantes<\/p>\n<p>Descensores con funci\u00f3n autofrenante y empu\u00f1adura multifunci\u00f3n que permiten controlar el descenso e inmovilizarse sin llave de bloqueo. Estos aparatos est\u00e1n destinados principalmente a los trabajos con accesos dif\u00edciles y el rescate, para desplazarse por un plano inclinado u horizontal o para la sujeci\u00f3n en el puesto de trabajo. Los descensores I&#8217;D S e I&#8217;D L integran una funci\u00f3n antip\u00e1nico y una leva indicadora de error.<br \/>\nEl descensor RIG est\u00e1 destinado a los usuarios con experiencia.<\/p>\n[fusion_button link=\"\" title=\"Cont\u00e1ctenos sin compromiso\" target=\"_self\" link_attributes=\"\" alignment=\"center\" modal=\"contacto\" hide_on_mobile=\"small-visibility,medium-visibility,large-visibility\" class=\"\" id=\"\" color=\"default\" button_gradient_top_color=\"\" button_gradient_bottom_color=\"\" button_gradient_top_color_hover=\"\" button_gradient_bottom_color_hover=\"\" accent_color=\"\" accent_hover_color=\"\" type=\"\" bevel_color=\"\" border_width=\"\" size=\"large\" stretch=\"default\" shape=\"pill\" icon=\"fa-info-circle\" icon_position=\"left\" icon_divider=\"no\" animation_type=\"\" animation_direction=\"left\" animation_speed=\"0.3\" animation_offset=\"\"]Solicitar Informaci\u00f3n [\/fusion_button]\n<p>&nbsp;<\/p>\n<div class=\"fb-like\" data-href=\"https:\/\/www.facebook.com\/adqisamx\/\" data-layout=\"button\" data-action=\"like\" data-size=\"large\" data-show-faces=\"true\" data-share=\"true\"><\/div>\n<p>&nbsp;<\/p>\n[fusion_modal name=\"contacto\" title=\"Cont\u00e1ctenos sin compromiso\" size=\"medium\" background=\"\" border_color=\"\" show_footer=\"yes\" class=\"\" id=\"\"]<\/p>\n<p>[contact-form-7 id=\"6\" title=\"Contacto\"]<\/p>\n<p>[\/fusion_modal]\n","protected":false},"featured_media":292,"comment_status":"open","ping_status":"closed","template":"","meta":[],"class_list":{"0":"post-294","1":"product","2":"type-product","3":"status-publish","4":"has-post-thumbnail","6":"product_cat-desensores","7":"product-grid-view","9":"first","10":"instock","11":"shipping-taxable","12":"product-type-simple"},"_links":{"self":[{"href":"https:\/\/adqisa.com.mx\/site\/wp-json\/wp\/v2\/product\/294","targetHints":{"allow":["GET"]}}],"collection":[{"href":"https:\/\/adqisa.com.mx\/site\/wp-json\/wp\/v2\/product"}],"about":[{"href":"https:\/\/adqisa.com.mx\/site\/wp-json\/wp\/v2\/types\/product"}],"replies":[{"embeddable":true,"href":"https:\/\/adqisa.com.mx\/site\/wp-json\/wp\/v2\/comments?post=294"}],"wp:featuredmedia":[{"embeddable":true,"href":"https:\/\/adqisa.com.mx\/site\/wp-json\/wp\/v2\/media\/292"}],"wp:attachment":[{"href":"https:\/\/adqisa.com.mx\/site\/wp-json\/wp\/v2\/media?parent=294"}],"curies":[{"name":"wp","href":"https:\/\/api.w.org\/{rel}","templated":true}]}}