{"id":299,"date":"2018-09-11T22:56:58","date_gmt":"2018-09-11T22:56:58","guid":{"rendered":"https:\/\/adqisa.com.mx\/site\/?post_type=product&#038;p=299"},"modified":"2018-12-19T22:03:29","modified_gmt":"2018-12-19T22:03:29","slug":"anclajes-coeur-bolt-steel-stainless-hcr","status":"publish","type":"product","link":"https:\/\/adqisa.com.mx\/site\/product\/anclajes-coeur-bolt-steel-stainless-hcr\/","title":{"rendered":"Anclajes COEUR BOLT STEEL \/ STAINLESS \/ HCR"},"content":{"rendered":"<p>COEUR BOLT STEEL \/ STAINLESS \/ HCR<br \/>\nAnclajes compuestos por una plaqueta COEUR, una clavija y una tuerca (pack de 20)<\/p>\n<p>Diferentes aceros adecuados a diversos ambientes<br \/>\nLos anclajes (plaquetas y clavijas) Petzl emplean diferentes tipos de acero para que el anclaje sea el adecuado al ambiente en el que se utilizar\u00e1:<br \/>\n\u2022 Acero est\u00e1ndar, para utilizar en interiores o trabajos puntuales: COEUR BOLT STEEL.<br \/>\n\u2022 Acero inoxidable 316L de alta calidad, para utilizar en exteriores tradicionales:\u00a0COEUR BOLT STAINLESS.<br \/>\n\u2022 Acero inoxidable HCR 904 de alta resistencia a la corrosi\u00f3n para utilizar en ambientes ultracorrosivos: COEUR BOLT HCR.<\/p>\n<p>Las plaquetas (COEUR STEEL, COEUR STAINLESS y COEUR HCR) as\u00ed como las clavijas (BOLT STEEL, BOLT STAINLESS y BOLT HCR) tambi\u00e9n est\u00e1n disponibles por separado (pack de 20),<\/p>\n","protected":false},"excerpt":{"rendered":"<p>Anclajes para roca y hormig\u00f3n<\/p>\n<p>Elementos que permiten formar anclajes fijos desmontables o instalados permanentemente.<\/p>\n[fusion_button link=\"\" title=\"Cont\u00e1ctenos sin compromiso\" target=\"_self\" link_attributes=\"\" alignment=\"center\" modal=\"contacto\" hide_on_mobile=\"small-visibility,medium-visibility,large-visibility\" class=\"\" id=\"\" color=\"default\" button_gradient_top_color=\"\" button_gradient_bottom_color=\"\" button_gradient_top_color_hover=\"\" button_gradient_bottom_color_hover=\"\" accent_color=\"\" accent_hover_color=\"\" type=\"\" bevel_color=\"\" border_width=\"\" size=\"large\" stretch=\"default\" shape=\"pill\" icon=\"fa-info-circle\" icon_position=\"left\" icon_divider=\"no\" animation_type=\"\" animation_direction=\"left\" animation_speed=\"0.3\" animation_offset=\"\"]Solicitar Informaci\u00f3n [\/fusion_button]\n<p>&nbsp;<\/p>\n<div class=\"fb-like\" data-href=\"https:\/\/www.facebook.com\/adqisamx\/\" data-layout=\"button\" data-action=\"like\" data-size=\"large\" data-show-faces=\"true\" data-share=\"true\"><\/div>\n<p>&nbsp;<\/p>\n[fusion_modal name=\"contacto\" title=\"Cont\u00e1ctenos sin compromiso\" size=\"medium\" background=\"\" border_color=\"\" show_footer=\"yes\" class=\"\" id=\"\"]<\/p>\n<p>[contact-form-7 id=\"6\" title=\"Contacto\"]<\/p>\n<p>[\/fusion_modal]\n","protected":false},"featured_media":300,"comment_status":"open","ping_status":"closed","template":"","meta":[],"class_list":{"0":"post-299","1":"product","2":"type-product","3":"status-publish","4":"has-post-thumbnail","6":"product_cat-anclajes","7":"product-grid-view","9":"first","10":"instock","11":"shipping-taxable","12":"product-type-simple"},"_links":{"self":[{"href":"https:\/\/adqisa.com.mx\/site\/wp-json\/wp\/v2\/product\/299","targetHints":{"allow":["GET"]}}],"collection":[{"href":"https:\/\/adqisa.com.mx\/site\/wp-json\/wp\/v2\/product"}],"about":[{"href":"https:\/\/adqisa.com.mx\/site\/wp-json\/wp\/v2\/types\/product"}],"replies":[{"embeddable":true,"href":"https:\/\/adqisa.com.mx\/site\/wp-json\/wp\/v2\/comments?post=299"}],"wp:featuredmedia":[{"embeddable":true,"href":"https:\/\/adqisa.com.mx\/site\/wp-json\/wp\/v2\/media\/300"}],"wp:attachment":[{"href":"https:\/\/adqisa.com.mx\/site\/wp-json\/wp\/v2\/media?parent=299"}],"curies":[{"name":"wp","href":"https:\/\/api.w.org\/{rel}","templated":true}]}}