{"id":305,"date":"2018-09-11T23:11:41","date_gmt":"2018-09-11T23:11:41","guid":{"rendered":"https:\/\/adqisa.com.mx\/site\/?post_type=product&#038;p=305"},"modified":"2018-12-19T22:17:25","modified_gmt":"2018-12-19T22:17:25","slug":"axis-11-mm-cuerda-semiestatica-con-terminal-cosido","status":"publish","type":"product","link":"https:\/\/adqisa.com.mx\/site\/product\/axis-11-mm-cuerda-semiestatica-con-terminal-cosido\/","title":{"rendered":"AXIS 11 mm Cuerda semiest\u00e1tica con terminal cosido"},"content":{"rendered":"<p><strong>AXIS 11 mm con terminal cosido<\/strong><br \/>\n<strong>Cuerda semiest\u00e1tica con terminal cosido, con buena prensi\u00f3n para los trabajos en altura.<\/strong><\/p>\n<p>La cuerda semiest\u00e1tica AXIS 11 mm con terminal cosido est\u00e1 destinada para los trabajos en altura. El di\u00e1metro est\u00e1ndar asegura una buena prensi\u00f3n para facilitar las manipulaciones. La construcci\u00f3n EverFlex le garantiza una gran flexibilidad y unas prestaciones constantes a lo largo del tiempo. El terminal cosido con funda de protecci\u00f3n sujeta el conector en posici\u00f3n y facilita las manipulaciones. Se puede utilizar en particular con un antica\u00eddas deslizante ASAP o en un kit de rescate con un descensor I\u2019D S. Cuerda disponible en seis longitudes.<\/p>\n","protected":false},"excerpt":{"rendered":"<p><strong>Cuerdas semiest\u00e1ticas<\/strong><br \/>\nUna construcci\u00f3n espec\u00edfica para cada utilizaci\u00f3n y diferentes longitudes y colores seg\u00fan las necesidades de los usuarios.<\/p>\n<p><strong>Construcci\u00f3n EverFlex: prestaciones constantes a lo largo del tiempo<\/strong><br \/>\nLas cuerdas semiest\u00e1ticas Petzl est\u00e1n compuestas por un alma de poliamida y una funda de poli\u00e9ster con un trenzado espec\u00edfico.<br \/>\nEsta construcci\u00f3n permite conservar una gran flexibilidad a lo largo del tiempo, en cualquier condici\u00f3n (agua, polvo, barro&#8230;). Esta flexibilidad permite conservar una manejabilidad constante durante su vida \u00fatil y un funcionamiento \u00f3ptimo con los aparatos.<\/p>\n<p><strong>Certificaci\u00f3n multinorma<\/strong><br \/>\nLas cuerdas semiest\u00e1ticas Petzl est\u00e1n certificadas seg\u00fan las normas:<br \/>\n&#8211; europea CE EN 1891 tipo A<br \/>\n&#8211; americana NFPA 1983<br \/>\n&#8211; rusa EAC<\/p>\n<p><strong>Disponibilidad en varias longitudes y varios colores<\/strong><br \/>\nLas cuerdas semiest\u00e1ticas Petzl est\u00e1n disponibles en varias longitudes est\u00e1ndar, seg\u00fan las utilizaciones y las necesidades de los usuarios.<br \/>\nTambi\u00e9n est\u00e1n disponibles en seis colorespara poder identificar f\u00e1cilmente diferentes kits o cuerdas de trabajo, de seguridad y de acceso com\u00fan.<\/p>\n[fusion_button link=\"\" title=\"Cont\u00e1ctenos sin compromiso\" target=\"_self\" link_attributes=\"\" alignment=\"center\" modal=\"contacto\" hide_on_mobile=\"small-visibility,medium-visibility,large-visibility\" class=\"\" id=\"\" color=\"default\" button_gradient_top_color=\"\" button_gradient_bottom_color=\"\" button_gradient_top_color_hover=\"\" button_gradient_bottom_color_hover=\"\" accent_color=\"\" accent_hover_color=\"\" type=\"\" bevel_color=\"\" border_width=\"\" size=\"large\" stretch=\"default\" shape=\"pill\" icon=\"fa-info-circle\" icon_position=\"left\" icon_divider=\"no\" animation_type=\"\" animation_direction=\"left\" animation_speed=\"0.3\" animation_offset=\"\"]Solicitar Informaci\u00f3n [\/fusion_button]\n<p>&nbsp;<\/p>\n<div class=\"fb-like\" data-href=\"https:\/\/www.facebook.com\/adqisamx\/\" data-layout=\"button\" data-action=\"like\" data-size=\"large\" data-show-faces=\"true\" data-share=\"true\"><\/div>\n<p>&nbsp;<\/p>\n[fusion_modal name=\"contacto\" title=\"Cont\u00e1ctenos sin compromiso\" size=\"medium\" background=\"\" border_color=\"\" show_footer=\"yes\" class=\"\" id=\"\"]<\/p>\n<p>[contact-form-7 id=\"6\" title=\"Contacto\"]<\/p>\n<p>[\/fusion_modal]\n","protected":false},"featured_media":306,"comment_status":"open","ping_status":"closed","template":"","meta":[],"class_list":{"0":"post-305","1":"product","2":"type-product","3":"status-publish","4":"has-post-thumbnail","6":"product_cat-cuerdas","7":"product-grid-view","9":"first","10":"instock","11":"shipping-taxable","12":"product-type-simple"},"_links":{"self":[{"href":"https:\/\/adqisa.com.mx\/site\/wp-json\/wp\/v2\/product\/305","targetHints":{"allow":["GET"]}}],"collection":[{"href":"https:\/\/adqisa.com.mx\/site\/wp-json\/wp\/v2\/product"}],"about":[{"href":"https:\/\/adqisa.com.mx\/site\/wp-json\/wp\/v2\/types\/product"}],"replies":[{"embeddable":true,"href":"https:\/\/adqisa.com.mx\/site\/wp-json\/wp\/v2\/comments?post=305"}],"wp:featuredmedia":[{"embeddable":true,"href":"https:\/\/adqisa.com.mx\/site\/wp-json\/wp\/v2\/media\/306"}],"wp:attachment":[{"href":"https:\/\/adqisa.com.mx\/site\/wp-json\/wp\/v2\/media?parent=305"}],"curies":[{"name":"wp","href":"https:\/\/api.w.org\/{rel}","templated":true}]}}