{"id":313,"date":"2018-09-11T23:31:33","date_gmt":"2018-09-11T23:31:33","guid":{"rendered":"https:\/\/adqisa.com.mx\/site\/?post_type=product&#038;p=313"},"modified":"2018-12-19T22:34:05","modified_gmt":"2018-12-19T22:34:05","slug":"transport-45l-saco-robusto-de-gran-capacidad","status":"publish","type":"product","link":"https:\/\/adqisa.com.mx\/site\/product\/transport-45l-saco-robusto-de-gran-capacidad\/","title":{"rendered":"TRANSPORT 45L Saco robusto de gran capacidad"},"content":{"rendered":"<p>TRANSPORT 45L<br \/>\nSaco robusto de gran capacidad<\/p>\n<p>El TRANSPORT es una mochila de 45 litros robusta y muy confortable. Est\u00e1 confeccionada con lona (sin PVC) con un ensamblaje del cuerpo y del fondo integralmente soldado para una mayor resistencia. Es id\u00f3nea para los porteos de larga duraci\u00f3n, gracias a su espalda, cintur\u00f3n y tirantes acolchados. Adecuada para las condiciones de utilizaci\u00f3n dif\u00edciles, dispone tambi\u00e9n de un bolsillo de identificaci\u00f3n.<\/p>\n<p>Dispone de cintur\u00f3n, tirantes y espalda acolchados para una mayor comodidad durante los porteos de larga duraci\u00f3n.<\/p>\n","protected":false},"excerpt":{"rendered":"<p>Sacos robustos<\/p>\n<p>S\u00f3lidos y confortables, estos sacos est\u00e1n dise\u00f1ados para\u00a0reagrupar el material en lotes individuales, llevarlo al lugar\u00a0de trabajo y transportarlo en medio vertical.<\/p>\n[fusion_button link=\"\" title=\"Cont\u00e1ctenos sin compromiso\" target=\"_self\" link_attributes=\"\" alignment=\"center\" modal=\"contacto\" hide_on_mobile=\"small-visibility,medium-visibility,large-visibility\" class=\"\" id=\"\" color=\"default\" button_gradient_top_color=\"\" button_gradient_bottom_color=\"\" button_gradient_top_color_hover=\"\" button_gradient_bottom_color_hover=\"\" accent_color=\"\" accent_hover_color=\"\" type=\"\" bevel_color=\"\" border_width=\"\" size=\"large\" stretch=\"default\" shape=\"pill\" icon=\"fa-info-circle\" icon_position=\"left\" icon_divider=\"no\" animation_type=\"\" animation_direction=\"left\" animation_speed=\"0.3\" animation_offset=\"\"]Solicitar Informaci\u00f3n [\/fusion_button]\n<p>&nbsp;<\/p>\n<div class=\"fb-like\" data-href=\"https:\/\/www.facebook.com\/adqisamx\/\" data-layout=\"button\" data-action=\"like\" data-size=\"large\" data-show-faces=\"true\" data-share=\"true\"><\/div>\n<p>&nbsp;<\/p>\n[fusion_modal name=\"contacto\" title=\"Cont\u00e1ctenos sin compromiso\" size=\"medium\" background=\"\" border_color=\"\" show_footer=\"yes\" class=\"\" id=\"\"]<\/p>\n<p>[contact-form-7 id=\"6\" title=\"Contacto\"]<\/p>\n<p>[\/fusion_modal]\n","protected":false},"featured_media":314,"comment_status":"open","ping_status":"closed","template":"","meta":[],"class_list":{"0":"post-313","1":"product","2":"type-product","3":"status-publish","4":"has-post-thumbnail","6":"product_cat-sacos-y-accesorios","7":"product-grid-view","9":"first","10":"instock","11":"shipping-taxable","12":"product-type-simple"},"_links":{"self":[{"href":"https:\/\/adqisa.com.mx\/site\/wp-json\/wp\/v2\/product\/313","targetHints":{"allow":["GET"]}}],"collection":[{"href":"https:\/\/adqisa.com.mx\/site\/wp-json\/wp\/v2\/product"}],"about":[{"href":"https:\/\/adqisa.com.mx\/site\/wp-json\/wp\/v2\/types\/product"}],"replies":[{"embeddable":true,"href":"https:\/\/adqisa.com.mx\/site\/wp-json\/wp\/v2\/comments?post=313"}],"wp:featuredmedia":[{"embeddable":true,"href":"https:\/\/adqisa.com.mx\/site\/wp-json\/wp\/v2\/media\/314"}],"wp:attachment":[{"href":"https:\/\/adqisa.com.mx\/site\/wp-json\/wp\/v2\/media?parent=313"}],"curies":[{"name":"wp","href":"https:\/\/api.w.org\/{rel}","templated":true}]}}