{"id":315,"date":"2018-09-11T23:40:28","date_gmt":"2018-09-11T23:40:28","guid":{"rendered":"https:\/\/adqisa.com.mx\/site\/?post_type=product&#038;p=315"},"modified":"2018-12-19T22:33:42","modified_gmt":"2018-12-19T22:33:42","slug":"kit-asap-vertical-lifeline-linea-de-seguridad-vertical","status":"publish","type":"product","link":"https:\/\/adqisa.com.mx\/site\/product\/kit-asap-vertical-lifeline-linea-de-seguridad-vertical\/","title":{"rendered":"KIT ASAP \u00ae VERTICAL LIFELINE L\u00ednea de seguridad vertical"},"content":{"rendered":"<p><strong>ASAP \u00ae VERTICAL LIFELINE<\/strong><br \/>\n<strong>L\u00ednea de seguridad vertical para la protecci\u00f3n contra las ca\u00eddas con antica\u00eddas deslizante ASAP<\/strong><\/p>\n<p>El ASAP VERTICAL LIFELINE es una l\u00ednea de seguridad vertical temporal dise\u00f1ada para el aseguramiento y la protecci\u00f3n contra las ca\u00eddas de altura. Contiene un antica\u00eddas deslizante ASAP, un absorbedor de energ\u00eda ASAP&#8217;SORBER, dos mosquetones OK TRIACT-LOCK, un anillo de cinta ANNEAU, una cuerda AXIS 11 mm con terminal cosido, un lastre y un saco BUCKET. Est\u00e1 disponible en dos longitudes.<\/p>\n","protected":false},"excerpt":{"rendered":"<p>L\u00edneas de seguridad verticales temporales y kits antica\u00eddas<\/p>\n<p>L\u00edneas de seguridad verticales temporales y kits listos para utilizar, dise\u00f1ados para el aseguramiento y la protecci\u00f3n contra las ca\u00eddas de altura.<\/p>\n[fusion_button link=\"\" title=\"Cont\u00e1ctenos sin compromiso\" target=\"_self\" link_attributes=\"\" alignment=\"center\" modal=\"contacto\" hide_on_mobile=\"small-visibility,medium-visibility,large-visibility\" class=\"\" id=\"\" color=\"default\" button_gradient_top_color=\"\" button_gradient_bottom_color=\"\" button_gradient_top_color_hover=\"\" button_gradient_bottom_color_hover=\"\" accent_color=\"\" accent_hover_color=\"\" type=\"\" bevel_color=\"\" border_width=\"\" size=\"large\" stretch=\"default\" shape=\"pill\" icon=\"fa-info-circle\" icon_position=\"left\" icon_divider=\"no\" animation_type=\"\" animation_direction=\"left\" animation_speed=\"0.3\" animation_offset=\"\"]Solicitar Informaci\u00f3n [\/fusion_button]\n<p>&nbsp;<\/p>\n<div class=\"fb-like\" data-href=\"https:\/\/www.facebook.com\/adqisamx\/\" data-layout=\"button\" data-action=\"like\" data-size=\"large\" data-show-faces=\"true\" data-share=\"true\"><\/div>\n<p>&nbsp;<\/p>\n[fusion_modal name=\"contacto\" title=\"Cont\u00e1ctenos sin compromiso\" size=\"medium\" background=\"\" border_color=\"\" show_footer=\"yes\" class=\"\" id=\"\"]<\/p>\n<p>[contact-form-7 id=\"6\" title=\"Contacto\"]<\/p>\n<p>[\/fusion_modal]\n","protected":false},"featured_media":316,"comment_status":"open","ping_status":"closed","template":"","meta":[],"class_list":{"0":"post-315","1":"product","2":"type-product","3":"status-publish","4":"has-post-thumbnail","6":"product_cat-kits","7":"product-grid-view","9":"first","10":"instock","11":"shipping-taxable","12":"product-type-simple"},"_links":{"self":[{"href":"https:\/\/adqisa.com.mx\/site\/wp-json\/wp\/v2\/product\/315","targetHints":{"allow":["GET"]}}],"collection":[{"href":"https:\/\/adqisa.com.mx\/site\/wp-json\/wp\/v2\/product"}],"about":[{"href":"https:\/\/adqisa.com.mx\/site\/wp-json\/wp\/v2\/types\/product"}],"replies":[{"embeddable":true,"href":"https:\/\/adqisa.com.mx\/site\/wp-json\/wp\/v2\/comments?post=315"}],"wp:featuredmedia":[{"embeddable":true,"href":"https:\/\/adqisa.com.mx\/site\/wp-json\/wp\/v2\/media\/316"}],"wp:attachment":[{"href":"https:\/\/adqisa.com.mx\/site\/wp-json\/wp\/v2\/media?parent=315"}],"curies":[{"name":"wp","href":"https:\/\/api.w.org\/{rel}","templated":true}]}}