{"id":338,"date":"2018-09-13T00:06:37","date_gmt":"2018-09-13T00:06:37","guid":{"rendered":"https:\/\/adqisa.com.mx\/site\/?post_type=product&#038;p=338"},"modified":"2018-12-20T05:39:12","modified_gmt":"2018-12-20T05:39:12","slug":"chaleco-chaqueta-antibalas-vip-deportiva","status":"publish","type":"product","link":"https:\/\/adqisa.com.mx\/site\/product\/chaleco-chaqueta-antibalas-vip-deportiva\/","title":{"rendered":"L\u00ednea de chalecos y chaquetas para civil y VIP &#8211; Shielding ALL"},"content":{"rendered":"<p>La discreci\u00f3n es el factor prioritario para la seguridad de Civiles y usuarios VIP, es por eso que desarrollamos prendas de la m\u00e1s alta calidad que permitan al usuario utilizar una prenda que le brinde gran confort en el uso, blindaje discreto que no se ve y no se siente.<\/p>\n","protected":false},"excerpt":{"rendered":"<p><strong>L\u00ednea civil y VIP<\/strong><\/p>\n[fusion_button link=\"\" title=\"Cont\u00e1ctenos sin compromiso\" target=\"_self\" link_attributes=\"\" alignment=\"center\" modal=\"contacto\" hide_on_mobile=\"small-visibility,medium-visibility,large-visibility\" class=\"\" id=\"\" color=\"default\" button_gradient_top_color=\"\" button_gradient_bottom_color=\"\" button_gradient_top_color_hover=\"\" button_gradient_bottom_color_hover=\"\" accent_color=\"\" accent_hover_color=\"\" type=\"\" bevel_color=\"\" border_width=\"\" size=\"large\" stretch=\"default\" shape=\"pill\" icon=\"fa-info-circle\" icon_position=\"left\" icon_divider=\"no\" animation_type=\"\" animation_direction=\"left\" animation_speed=\"0.3\" animation_offset=\"\"]Solicitar Informaci\u00f3n [\/fusion_button]\n<p>&nbsp;<\/p>\n<div class=\"fb-like\" data-href=\"https:\/\/www.facebook.com\/adqisamx\/\" data-layout=\"button\" data-action=\"like\" data-size=\"large\" data-show-faces=\"true\" data-share=\"true\"><\/div>\n<p>&nbsp;<\/p>\n[fusion_modal name=\"contacto\" title=\"Cont\u00e1ctenos sin compromiso\" size=\"medium\" background=\"\" border_color=\"\" show_footer=\"yes\" class=\"\" id=\"\"]<\/p>\n<p>[contact-form-7 id=\"6\" title=\"Contacto\"]<\/p>\n<p>[\/fusion_modal]\n<p>&nbsp;<\/p>\n[fusion_sharing tagline=\"Comparte este producto en tu red social de preferencia!\" tagline_color=\"\" backgroundcolor=\"\" title=\"\" link=\"https:\/\/adqisa.com.mx\/site\/product\/chaleco-chaqueta-antibalas-vip-deportiva\/\" description=\"\" icons_boxed=\"yes\" icons_boxed_radius=\"5px\" color_type=\"brand\" icon_colors=\"\" box_colors=\"\" tooltip_placement=\"\" pinterest_image=\"\" hide_on_mobile=\"small-visibility,medium-visibility,large-visibility\" class=\"\" id=\"\"][\/fusion_sharing]\n","protected":false},"featured_media":340,"comment_status":"closed","ping_status":"closed","template":"","meta":[],"class_list":{"0":"post-338","1":"product","2":"type-product","3":"status-publish","4":"has-post-thumbnail","6":"product_cat-chalecos","7":"product-grid-view","9":"first","10":"instock","11":"shipping-taxable","12":"product-type-simple"},"_links":{"self":[{"href":"https:\/\/adqisa.com.mx\/site\/wp-json\/wp\/v2\/product\/338","targetHints":{"allow":["GET"]}}],"collection":[{"href":"https:\/\/adqisa.com.mx\/site\/wp-json\/wp\/v2\/product"}],"about":[{"href":"https:\/\/adqisa.com.mx\/site\/wp-json\/wp\/v2\/types\/product"}],"replies":[{"embeddable":true,"href":"https:\/\/adqisa.com.mx\/site\/wp-json\/wp\/v2\/comments?post=338"}],"wp:featuredmedia":[{"embeddable":true,"href":"https:\/\/adqisa.com.mx\/site\/wp-json\/wp\/v2\/media\/340"}],"wp:attachment":[{"href":"https:\/\/adqisa.com.mx\/site\/wp-json\/wp\/v2\/media?parent=338"}],"curies":[{"name":"wp","href":"https:\/\/api.w.org\/{rel}","templated":true}]}}