{"id":444,"date":"2018-10-17T14:22:05","date_gmt":"2018-10-17T14:22:05","guid":{"rendered":"https:\/\/adqisa.com.mx\/site\/?post_type=product&#038;p=444"},"modified":"2018-12-19T22:40:36","modified_gmt":"2018-12-19T22:40:36","slug":"baston-retractil-de-seguridad-monterrey","status":"publish","type":"product","link":"https:\/\/adqisa.com.mx\/site\/product\/baston-retractil-de-seguridad-monterrey\/","title":{"rendered":"Bast\u00f3n Retractil"},"content":{"rendered":"<p>Ultra ligero peque\u00f1o y f\u00e1cil de transportar en su configuraci\u00f3n plegada mide 23.5 cm, f\u00e1cil de llevar en mochila, malet\u00edn o bolsa cuando est\u00e1n en uso ( 60 cm)<\/p>\n","protected":false},"excerpt":{"rendered":"<p>El Bast\u00f3n Extensible, es un dispositivo hecho de acero de alta resistencia que puede portarse en una funda ocupando un m\u00ednimo espacio. Al momento de extenderse, el bast\u00f3n incluye una funda de Naylon para sujetarse en el cinto.<\/p>\n<p><strong>Que es grado polic\u00edaco?<\/strong><br \/>\nEl bast\u00f3n est\u00e1 maquinado de acuerdo a las especificaciones de diferentes Cuerpos Policiacos del mundo para su uso en el apoyo del cumplimiento de la Ley de acuerdo al peso, resistencia y seguridad.<\/p>\n[fusion_button link=\"\" title=\"Cont\u00e1ctenos sin compromiso\" target=\"_self\" link_attributes=\"\" alignment=\"center\" modal=\"contacto\" hide_on_mobile=\"small-visibility,medium-visibility,large-visibility\" class=\"\" id=\"\" color=\"default\" button_gradient_top_color=\"\" button_gradient_bottom_color=\"\" button_gradient_top_color_hover=\"\" button_gradient_bottom_color_hover=\"\" accent_color=\"\" accent_hover_color=\"\" type=\"\" bevel_color=\"\" border_width=\"\" size=\"large\" stretch=\"default\" shape=\"pill\" icon=\"fa-info-circle\" icon_position=\"left\" icon_divider=\"no\" animation_type=\"\" animation_direction=\"left\" animation_speed=\"0.3\" animation_offset=\"\"]Solicitar Informaci\u00f3n [\/fusion_button]\n<p>&nbsp;<\/p>\n<div class=\"fb-like\" data-href=\"https:\/\/www.facebook.com\/adqisamx\/\" data-layout=\"button\" data-action=\"like\" data-size=\"large\" data-show-faces=\"true\" data-share=\"true\"><\/div>\n<p>&nbsp;<\/p>\n[fusion_modal name=\"contacto\" title=\"Cont\u00e1ctenos sin compromiso\" size=\"medium\" background=\"\" border_color=\"\" show_footer=\"yes\" class=\"\" id=\"\"]<\/p>\n<p>[contact-form-7 id=\"6\" title=\"Contacto\"]<\/p>\n<p>[\/fusion_modal]\n[fusion_sharing tagline=\"Comparte este producto en tu red social de preferencia!\" tagline_color=\"\" backgroundcolor=\"\" title=\"\" link=\"https:\/\/adqisa.com.mx\/site\/product\/chaleco-antibalas-plus-protect-linea-tactica-militar\/\" description=\"\" icons_boxed=\"yes\" icons_boxed_radius=\"5px\" color_type=\"brand\" icon_colors=\"\" box_colors=\"\" tooltip_placement=\"\" pinterest_image=\"\" hide_on_mobile=\"small-visibility,medium-visibility,large-visibility\" class=\"\" id=\"\"][\/fusion_sharing]\n","protected":false},"featured_media":447,"comment_status":"closed","ping_status":"closed","template":"","meta":[],"class_list":{"0":"post-444","1":"product","2":"type-product","3":"status-publish","4":"has-post-thumbnail","6":"product_cat-bastones-retractil","7":"product-grid-view","9":"first","10":"instock","11":"shipping-taxable","12":"product-type-simple"},"_links":{"self":[{"href":"https:\/\/adqisa.com.mx\/site\/wp-json\/wp\/v2\/product\/444","targetHints":{"allow":["GET"]}}],"collection":[{"href":"https:\/\/adqisa.com.mx\/site\/wp-json\/wp\/v2\/product"}],"about":[{"href":"https:\/\/adqisa.com.mx\/site\/wp-json\/wp\/v2\/types\/product"}],"replies":[{"embeddable":true,"href":"https:\/\/adqisa.com.mx\/site\/wp-json\/wp\/v2\/comments?post=444"}],"wp:featuredmedia":[{"embeddable":true,"href":"https:\/\/adqisa.com.mx\/site\/wp-json\/wp\/v2\/media\/447"}],"wp:attachment":[{"href":"https:\/\/adqisa.com.mx\/site\/wp-json\/wp\/v2\/media?parent=444"}],"curies":[{"name":"wp","href":"https:\/\/api.w.org\/{rel}","templated":true}]}}