{"id":462,"date":"2018-11-15T02:39:00","date_gmt":"2018-11-15T02:39:00","guid":{"rendered":"https:\/\/adqisa.com.mx\/site\/?post_type=product&#038;p=462"},"modified":"2018-12-19T22:44:57","modified_gmt":"2018-12-19T22:44:57","slug":"vortex-razor-amg-uh-1-holographic-sight","status":"publish","type":"product","link":"https:\/\/adqisa.com.mx\/site\/product\/vortex-razor-amg-uh-1-holographic-sight\/","title":{"rendered":"Vortex Razor AMG UH-1 Holographic Sight"},"content":{"rendered":"<p><strong>Caracteristicas:<\/strong><\/p>\n<p>\u00b7 Proporciona claridad y resoluci\u00f3n excepcionales.<\/p>\n<p>\u00b7 El revestimiento antirreflectante aumenta la transmisi\u00f3n de luz.<\/p>\n<p>\u00b7 FHQ elimina la emisi\u00f3n de luz par\u00e1sita y previene el resplandor visual<\/p>\n<p>\u00b7 Construcci\u00f3n a prueba de golpes. Alta seguridad de retroceso.<\/p>\n<p>\u00b7 Paralaje y un alivio ocular ilimitado.<\/p>\n<p>\u00b7 Puerto micro USB para cargar la bater\u00eda (bater\u00eda recargable incluida)<\/p>\n<p>\u00b7 Compatible con bater\u00eda tipo LFP123A recargable pero con un tiempo de funcionamiento m\u00e1s corto<\/p>\n<p>\u00b7 Apagado autom\u00e1tico de 14 horas que se puede desactivar.<\/p>\n","protected":false},"excerpt":{"rendered":"<p>Vortex introduce un nuevo paradigma en la mira de armas hologr\u00e1ficas. UH-1 usa el revolucionario Vortex &#8220;Fusion Hologram With Quantum Well Light Control&#8221;, FHQ, para ofrecer las primeras im\u00e1genes hologr\u00e1ficas que combinan un punto rojo sostenible y la eficiencia energ\u00e9tica con una imagen impresionante sin distorsi\u00f3n y el patr\u00f3n de ret\u00edculas de una vista hologr\u00e1fica.<\/p>\n[fusion_button link=\"\" title=\"Cont\u00e1ctenos sin compromiso\" target=\"_self\" link_attributes=\"\" alignment=\"center\" modal=\"contacto\" hide_on_mobile=\"small-visibility,medium-visibility,large-visibility\" class=\"\" id=\"\" color=\"default\" button_gradient_top_color=\"\" button_gradient_bottom_color=\"\" button_gradient_top_color_hover=\"\" button_gradient_bottom_color_hover=\"\" accent_color=\"\" accent_hover_color=\"\" type=\"\" bevel_color=\"\" border_width=\"\" size=\"large\" stretch=\"default\" shape=\"pill\" icon=\"fa-info-circle\" icon_position=\"left\" icon_divider=\"no\" animation_type=\"\" animation_direction=\"left\" animation_speed=\"0.3\" animation_offset=\"\"]Solicitar Informaci\u00f3n [\/fusion_button]\n<p>&nbsp;<\/p>\n<div class=\"fb-like\" data-href=\"https:\/\/www.facebook.com\/adqisamx\/\" data-layout=\"button\" data-action=\"like\" data-size=\"large\" data-show-faces=\"true\" data-share=\"true\"><\/div>\n<p>&nbsp;<\/p>\n[fusion_modal name=\"contacto\" title=\"Cont\u00e1ctenos sin compromiso\" size=\"medium\" background=\"\" border_color=\"\" show_footer=\"yes\" class=\"\" id=\"\"]<\/p>\n<p>[contact-form-7 id=\"6\" title=\"Contacto\"]<\/p>\n<p>[\/fusion_modal]\n","protected":false},"featured_media":463,"comment_status":"open","ping_status":"closed","template":"","meta":[],"class_list":{"0":"post-462","1":"product","2":"type-product","3":"status-publish","4":"has-post-thumbnail","6":"product_cat-equipos-de-vision-nocturna","7":"product-grid-view","9":"first","10":"instock","11":"shipping-taxable","12":"product-type-simple"},"_links":{"self":[{"href":"https:\/\/adqisa.com.mx\/site\/wp-json\/wp\/v2\/product\/462","targetHints":{"allow":["GET"]}}],"collection":[{"href":"https:\/\/adqisa.com.mx\/site\/wp-json\/wp\/v2\/product"}],"about":[{"href":"https:\/\/adqisa.com.mx\/site\/wp-json\/wp\/v2\/types\/product"}],"replies":[{"embeddable":true,"href":"https:\/\/adqisa.com.mx\/site\/wp-json\/wp\/v2\/comments?post=462"}],"wp:featuredmedia":[{"embeddable":true,"href":"https:\/\/adqisa.com.mx\/site\/wp-json\/wp\/v2\/media\/463"}],"wp:attachment":[{"href":"https:\/\/adqisa.com.mx\/site\/wp-json\/wp\/v2\/media?parent=462"}],"curies":[{"name":"wp","href":"https:\/\/api.w.org\/{rel}","templated":true}]}}