{"id":464,"date":"2018-11-15T02:56:56","date_gmt":"2018-11-15T02:56:56","guid":{"rendered":"https:\/\/adqisa.com.mx\/site\/?post_type=product&#038;p=464"},"modified":"2018-12-19T22:45:32","modified_gmt":"2018-12-19T22:45:32","slug":"eotech-xps2-300-bdc-holographic-weapon-sight-no-night-vision","status":"publish","type":"product","link":"https:\/\/adqisa.com.mx\/site\/product\/eotech-xps2-300-bdc-holographic-weapon-sight-no-night-vision\/","title":{"rendered":"EOTech XPS2-300 BDC Holographic Weapon Sight no Night Vision"},"content":{"rendered":"<ul>\n<li>Ventana delantera: 1\/8 &#8220;vidrio macizo<\/li>\n<li>Ventana trasera: 3\/16 &#8220;laminado resistente a roturas<\/li>\n<li>Las superficies \u00f3pticas cuentan con recubrimientos de lentes antirreflejos<\/li>\n<li>Heads-Up Display: elimina los puntos ciegos y la visi\u00f3n restringida<\/li>\n<li>Holograf\u00eda de transmisi\u00f3n: visible al instante con cualquier luz, sin paralaje<\/li>\n<li>Incluso si la ventana laminada est\u00e1 obstruida o da\u00f1ada, el HWS permanece completamente operativo. Siempre que una parte de la ventana est\u00e9 intacta \/ visible, todo el patr\u00f3n de ret\u00edcula se ver\u00e1 en el objetivo y se mantendr\u00e1 el POI \/ POA.<\/li>\n<\/ul>\n","protected":false},"excerpt":{"rendered":"<p>El XPS2 es el visor hologr\u00e1fico modelo EOTech m\u00e1s corto, peque\u00f1o y liviano disponible sin visi\u00f3n nocturna. Su tama\u00f1o y peso lo hacen conveniente para que los cazadores y oficiales de la ley lo lleven.<\/p>\n<p>Tambi\u00e9n es r\u00e1pido y funciona con una sola bater\u00eda 123. La configuraci\u00f3n compacta de una sola bater\u00eda de litio deja m\u00e1s espacio que nunca para las miras o lupas de hierro traseras.<\/p>\n[fusion_button link=\"\" title=\"Cont\u00e1ctenos sin compromiso\" target=\"_self\" link_attributes=\"\" alignment=\"center\" modal=\"contacto\" hide_on_mobile=\"small-visibility,medium-visibility,large-visibility\" class=\"\" id=\"\" color=\"default\" button_gradient_top_color=\"\" button_gradient_bottom_color=\"\" button_gradient_top_color_hover=\"\" button_gradient_bottom_color_hover=\"\" accent_color=\"\" accent_hover_color=\"\" type=\"\" bevel_color=\"\" border_width=\"\" size=\"large\" stretch=\"default\" shape=\"pill\" icon=\"fa-info-circle\" icon_position=\"left\" icon_divider=\"no\" animation_type=\"\" animation_direction=\"left\" animation_speed=\"0.3\" animation_offset=\"\"]Solicitar Informaci\u00f3n [\/fusion_button]\n<p>&nbsp;<\/p>\n<div class=\"fb-like\" data-href=\"https:\/\/www.facebook.com\/adqisamx\/\" data-layout=\"button\" data-action=\"like\" data-size=\"large\" data-show-faces=\"true\" data-share=\"true\"><\/div>\n<p>&nbsp;<\/p>\n[fusion_modal name=\"contacto\" title=\"Cont\u00e1ctenos sin compromiso\" size=\"medium\" background=\"\" border_color=\"\" show_footer=\"yes\" class=\"\" id=\"\"]<\/p>\n<p>[contact-form-7 id=\"6\" title=\"Contacto\"]<\/p>\n<p>[\/fusion_modal]\n","protected":false},"featured_media":465,"comment_status":"open","ping_status":"closed","template":"","meta":[],"class_list":{"0":"post-464","1":"product","2":"type-product","3":"status-publish","4":"has-post-thumbnail","6":"product_cat-equipos-de-vision-nocturna","7":"product-grid-view","9":"first","10":"instock","11":"shipping-taxable","12":"product-type-simple"},"_links":{"self":[{"href":"https:\/\/adqisa.com.mx\/site\/wp-json\/wp\/v2\/product\/464","targetHints":{"allow":["GET"]}}],"collection":[{"href":"https:\/\/adqisa.com.mx\/site\/wp-json\/wp\/v2\/product"}],"about":[{"href":"https:\/\/adqisa.com.mx\/site\/wp-json\/wp\/v2\/types\/product"}],"replies":[{"embeddable":true,"href":"https:\/\/adqisa.com.mx\/site\/wp-json\/wp\/v2\/comments?post=464"}],"wp:featuredmedia":[{"embeddable":true,"href":"https:\/\/adqisa.com.mx\/site\/wp-json\/wp\/v2\/media\/465"}],"wp:attachment":[{"href":"https:\/\/adqisa.com.mx\/site\/wp-json\/wp\/v2\/media?parent=464"}],"curies":[{"name":"wp","href":"https:\/\/api.w.org\/{rel}","templated":true}]}}