{"id":466,"date":"2018-11-15T03:04:37","date_gmt":"2018-11-15T03:04:37","guid":{"rendered":"https:\/\/adqisa.com.mx\/site\/?post_type=product&#038;p=466"},"modified":"2018-12-19T22:46:08","modified_gmt":"2018-12-19T22:46:08","slug":"armasight-avenger-gen-2-qsi-night-vision-monocular-nsmavenge3qgii1","status":"publish","type":"product","link":"https:\/\/adqisa.com.mx\/site\/product\/armasight-avenger-gen-2-qsi-night-vision-monocular-nsmavenge3qgii1\/","title":{"rendered":"Armasight Avenger Gen 2+ QSi  Night Vision Monocular NSMAVENGE3QGII1"},"content":{"rendered":"<ul>\n<li>Tubo de tecnolog\u00eda Quick Silver<\/li>\n<li>Ampliaci\u00f3n 3X<\/li>\n<li>Montable en la cabeza para uso con manos libres<\/li>\n<li>Control autom\u00e1tico de brillo.<\/li>\n<li>Utiliza una sola bater\u00eda de litio CR123A<\/li>\n<li>Adaptable para su uso con c\u00e1maras.<\/li>\n<li>Iluminador infrarrojo incorporado<\/li>\n<li>Resistente al agua y la niebla.<\/li>\n<\/ul>\n","protected":false},"excerpt":{"rendered":"<p>El Armasight Avenger Gen 2+ QSi es un monocular de visi\u00f3n nocturna multiuso de alta tecnolog\u00eda, resistente y duradero que ofrece un gran rendimiento de Gen 2+ al menor costo posible. Equipado con caracter\u00edsticas de alta tecnolog\u00eda, el Avenger es una unidad que se encuentra igual de bien con el cazador como con el oficial de seguridad profesional o profesional de la ley. Configurable para la misi\u00f3n, el Armasight Avenger funciona como un dispositivo de mano o montado en la cabeza (con lente 1X), y puede montarse frente a una videoc\u00e1mara o c\u00e1mara para fotograf\u00eda nocturna. El Armasight Avenger puede equiparse con IIT Gen 2+ de alto rendimiento, incluido el f\u00f3sforo verde o el &#8220;Quick Silver&#8221; de Armasight, que ofrece a los usuarios pantallas de visi\u00f3n nocturna en blanco y negro. El Armasight Avenger es un caballo de batalla de visi\u00f3n nocturna que superar\u00e1 los requisitos de rendimiento de los profesionales m\u00e1s exigentes o usuarios de visi\u00f3n nocturna ocasionales.<\/p>\n[fusion_button link=\"\" title=\"Cont\u00e1ctenos sin compromiso\" target=\"_self\" link_attributes=\"\" alignment=\"center\" modal=\"contacto\" hide_on_mobile=\"small-visibility,medium-visibility,large-visibility\" class=\"\" id=\"\" color=\"default\" button_gradient_top_color=\"\" button_gradient_bottom_color=\"\" button_gradient_top_color_hover=\"\" button_gradient_bottom_color_hover=\"\" accent_color=\"\" accent_hover_color=\"\" type=\"\" bevel_color=\"\" border_width=\"\" size=\"large\" stretch=\"default\" shape=\"pill\" icon=\"fa-info-circle\" icon_position=\"left\" icon_divider=\"no\" animation_type=\"\" animation_direction=\"left\" animation_speed=\"0.3\" animation_offset=\"\"]Solicitar Informaci\u00f3n [\/fusion_button]\n<p>&nbsp;<\/p>\n<div class=\"fb-like\" data-href=\"https:\/\/www.facebook.com\/adqisamx\/\" data-layout=\"button\" data-action=\"like\" data-size=\"large\" data-show-faces=\"true\" data-share=\"true\"><\/div>\n<p>&nbsp;<\/p>\n[fusion_modal name=\"contacto\" title=\"Cont\u00e1ctenos sin compromiso\" size=\"medium\" background=\"\" border_color=\"\" show_footer=\"yes\" class=\"\" id=\"\"]<\/p>\n<p>[contact-form-7 id=\"6\" title=\"Contacto\"]<\/p>\n<p>[\/fusion_modal]\n","protected":false},"featured_media":467,"comment_status":"open","ping_status":"closed","template":"","meta":[],"class_list":{"0":"post-466","1":"product","2":"type-product","3":"status-publish","4":"has-post-thumbnail","6":"product_cat-equipos-de-vision-nocturna","7":"product-grid-view","9":"first","10":"instock","11":"shipping-taxable","12":"product-type-simple"},"_links":{"self":[{"href":"https:\/\/adqisa.com.mx\/site\/wp-json\/wp\/v2\/product\/466","targetHints":{"allow":["GET"]}}],"collection":[{"href":"https:\/\/adqisa.com.mx\/site\/wp-json\/wp\/v2\/product"}],"about":[{"href":"https:\/\/adqisa.com.mx\/site\/wp-json\/wp\/v2\/types\/product"}],"replies":[{"embeddable":true,"href":"https:\/\/adqisa.com.mx\/site\/wp-json\/wp\/v2\/comments?post=466"}],"wp:featuredmedia":[{"embeddable":true,"href":"https:\/\/adqisa.com.mx\/site\/wp-json\/wp\/v2\/media\/467"}],"wp:attachment":[{"href":"https:\/\/adqisa.com.mx\/site\/wp-json\/wp\/v2\/media?parent=466"}],"curies":[{"name":"wp","href":"https:\/\/api.w.org\/{rel}","templated":true}]}}