{"id":468,"date":"2018-11-15T03:11:55","date_gmt":"2018-11-15T03:11:55","guid":{"rendered":"https:\/\/adqisa.com.mx\/site\/?post_type=product&#038;p=468"},"modified":"2018-12-19T22:46:13","modified_gmt":"2018-12-19T22:46:13","slug":"atn-nvm14-2i-night-vision-monocular-nvmpan142i","status":"publish","type":"product","link":"https:\/\/adqisa.com.mx\/site\/product\/atn-nvm14-2i-night-vision-monocular-nvmpan142i\/","title":{"rendered":"ATN NVM14-2I Night Vision Monocular NVMPAN142I"},"content":{"rendered":"<ul>\n<li>Ligero<\/li>\n<li>Dise\u00f1o compacto y robusto<\/li>\n<li>Impermeable<\/li>\n<li>Arma montable<\/li>\n<li>Cabeza o casco montable para uso con manos libres<\/li>\n<li>Uso del ojo izquierdo o derecho<\/li>\n<li>F\u00e1cil de operar<\/li>\n<li>Control de brillo autom\u00e1tico<\/li>\n<li>Corte de luz brillante<\/li>\n<li>Controles ergon\u00f3micos, simples, f\u00e1ciles de operar<\/li>\n<li>Utiliza bater\u00eda de litio CR123A o alcalina AA. (Adaptador incluido)<\/li>\n<li>Compatible con la mayor\u00eda de los l\u00e1seres IR<\/li>\n<li>Adaptable para su uso con c\u00e1maras.<\/li>\n<li>Tecnolog\u00eda de oscuridad total con iluminador infrarrojo incorporado y lente de inundaci\u00f3n<\/li>\n<li>Sistema patentado de seguimiento de vida opcional disponible para medir las horas de operaci\u00f3n<\/li>\n<\/ul>\n","protected":false},"excerpt":{"rendered":"<p>NightVision Monocular de ATN NVM14 es un sistema de visi\u00f3n nocturna manual, montado en la cabeza, montado en el casco o montado en un arma que permite caminar, conducir, disparar armas, vigilancia de corto alcance, lectura de mapas, mantenimiento de veh\u00edculos y administraci\u00f3n de primeros auxilios Tanto la luz de la luna como la de las estrellas. Cada unidad permite el ajuste vertical (mediante el uso de correas para la cabeza), el ajuste hacia delante y hacia atr\u00e1s, el enfoque del objetivo y el enfoque del ocular. Los monoculares ATN NightVision tambi\u00e9n est\u00e1n equipados con una fuente emisora \u200b\u200bde luz infrarroja. El monocular de visi\u00f3n nocturna NVM-14 de ATN utiliza el principio de intensificaci\u00f3n de la luz residual que se refleja en los objetos circundantes. El sistema \u00f3ptico del monocular consiste en: una lente de objetivo, un tubo intensificador de imagen y un ocular.<\/p>\n[fusion_button link=\"\" title=\"Cont\u00e1ctenos sin compromiso\" target=\"_self\" link_attributes=\"\" alignment=\"center\" modal=\"contacto\" hide_on_mobile=\"small-visibility,medium-visibility,large-visibility\" class=\"\" id=\"\" color=\"default\" button_gradient_top_color=\"\" button_gradient_bottom_color=\"\" button_gradient_top_color_hover=\"\" button_gradient_bottom_color_hover=\"\" accent_color=\"\" accent_hover_color=\"\" type=\"\" bevel_color=\"\" border_width=\"\" size=\"large\" stretch=\"default\" shape=\"pill\" icon=\"fa-info-circle\" icon_position=\"left\" icon_divider=\"no\" animation_type=\"\" animation_direction=\"left\" animation_speed=\"0.3\" animation_offset=\"\"]Solicitar Informaci\u00f3n [\/fusion_button]\n<p>&nbsp;<\/p>\n<div class=\"fb-like\" data-href=\"https:\/\/www.facebook.com\/adqisamx\/\" data-layout=\"button\" data-action=\"like\" data-size=\"large\" data-show-faces=\"true\" data-share=\"true\"><\/div>\n<p>&nbsp;<\/p>\n[fusion_modal name=\"contacto\" title=\"Cont\u00e1ctenos sin compromiso\" size=\"medium\" background=\"\" border_color=\"\" show_footer=\"yes\" class=\"\" id=\"\"]<\/p>\n<p>[contact-form-7 id=\"6\" title=\"Contacto\"]<\/p>\n<p>[\/fusion_modal]\n","protected":false},"featured_media":469,"comment_status":"open","ping_status":"closed","template":"","meta":[],"class_list":{"0":"post-468","1":"product","2":"type-product","3":"status-publish","4":"has-post-thumbnail","6":"product_cat-equipos-de-vision-nocturna","7":"product-grid-view","9":"first","10":"instock","11":"shipping-taxable","12":"product-type-simple"},"_links":{"self":[{"href":"https:\/\/adqisa.com.mx\/site\/wp-json\/wp\/v2\/product\/468","targetHints":{"allow":["GET"]}}],"collection":[{"href":"https:\/\/adqisa.com.mx\/site\/wp-json\/wp\/v2\/product"}],"about":[{"href":"https:\/\/adqisa.com.mx\/site\/wp-json\/wp\/v2\/types\/product"}],"replies":[{"embeddable":true,"href":"https:\/\/adqisa.com.mx\/site\/wp-json\/wp\/v2\/comments?post=468"}],"wp:featuredmedia":[{"embeddable":true,"href":"https:\/\/adqisa.com.mx\/site\/wp-json\/wp\/v2\/media\/469"}],"wp:attachment":[{"href":"https:\/\/adqisa.com.mx\/site\/wp-json\/wp\/v2\/media?parent=468"}],"curies":[{"name":"wp","href":"https:\/\/api.w.org\/{rel}","templated":true}]}}