{"id":476,"date":"2018-11-15T14:56:58","date_gmt":"2018-11-15T14:56:58","guid":{"rendered":"https:\/\/adqisa.com.mx\/site\/?post_type=product&#038;p=476"},"modified":"2018-12-19T22:48:02","modified_gmt":"2018-12-19T22:48:02","slug":"exo-k-external-knee-pad","status":"publish","type":"product","link":"https:\/\/adqisa.com.mx\/site\/product\/exo-k-external-knee-pad\/","title":{"rendered":"EXO K EXTERNAL KNEE PAD"},"content":{"rendered":"<ul>\n<li>Tejido de nylon 900D shell<\/li>\n<li>Relleno de espuma EVA<\/li>\n<li>Accesorio de ojal tradicional<\/li>\n<li>Superficie antideslizante<\/li>\n<\/ul>\n","protected":false},"excerpt":{"rendered":"<p>Ahora puede disminuir la presi\u00f3n de la superficie dura sobre sus rodillas. La rodillera EXO.K cuenta con una tapa moldeada y flexible con tracci\u00f3n incorporada para una plataforma de tiro estable y c\u00f3moda.<\/p>\n<p>Material: nylon Cordura, pol\u00edmero moldeado por inyecci\u00f3n.<\/p>\n<p>Fabricante: 5.11<\/p>\n<p>SIEMPRE ESTAR LISTO. Todo comenz\u00f3 con un par de pantalones. La Academia de Capacitaci\u00f3n del FBI adopt\u00f3 el pantal\u00f3n 5.11\u00ae original como su pantal\u00f3n de entrenamiento en 1992, forjando una relaci\u00f3n de d\u00e9cadas que impulsa el compromiso de 5.11\u00ae con la seguridad p\u00fablica y la comunidad de primeros en responder.<\/p>\n[fusion_button link=\"\" title=\"Cont\u00e1ctenos sin compromiso\" target=\"_self\" link_attributes=\"\" alignment=\"center\" modal=\"contacto\" hide_on_mobile=\"small-visibility,medium-visibility,large-visibility\" class=\"\" id=\"\" color=\"default\" button_gradient_top_color=\"\" button_gradient_bottom_color=\"\" button_gradient_top_color_hover=\"\" button_gradient_bottom_color_hover=\"\" accent_color=\"\" accent_hover_color=\"\" type=\"\" bevel_color=\"\" border_width=\"\" size=\"large\" stretch=\"default\" shape=\"pill\" icon=\"fa-info-circle\" icon_position=\"left\" icon_divider=\"no\" animation_type=\"\" animation_direction=\"left\" animation_speed=\"0.3\" animation_offset=\"\"]Solicitar Informaci\u00f3n [\/fusion_button]\n<p>&nbsp;<\/p>\n<div class=\"fb-like\" data-href=\"https:\/\/www.facebook.com\/adqisamx\/\" data-layout=\"button\" data-action=\"like\" data-size=\"large\" data-show-faces=\"true\" data-share=\"true\"><\/div>\n<p>&nbsp;<\/p>\n[fusion_modal name=\"contacto\" title=\"Cont\u00e1ctenos sin compromiso\" size=\"medium\" background=\"\" border_color=\"\" show_footer=\"yes\" class=\"\" id=\"\"]<\/p>\n<p>[contact-form-7 id=\"6\" title=\"Contacto\"]<\/p>\n<p>[\/fusion_modal]\n","protected":false},"featured_media":478,"comment_status":"open","ping_status":"closed","template":"","meta":[],"class_list":{"0":"post-476","1":"product","2":"type-product","3":"status-publish","4":"has-post-thumbnail","6":"product_cat-rodilleras","7":"product-grid-view","9":"first","10":"instock","11":"shipping-taxable","12":"product-type-simple"},"_links":{"self":[{"href":"https:\/\/adqisa.com.mx\/site\/wp-json\/wp\/v2\/product\/476","targetHints":{"allow":["GET"]}}],"collection":[{"href":"https:\/\/adqisa.com.mx\/site\/wp-json\/wp\/v2\/product"}],"about":[{"href":"https:\/\/adqisa.com.mx\/site\/wp-json\/wp\/v2\/types\/product"}],"replies":[{"embeddable":true,"href":"https:\/\/adqisa.com.mx\/site\/wp-json\/wp\/v2\/comments?post=476"}],"wp:featuredmedia":[{"embeddable":true,"href":"https:\/\/adqisa.com.mx\/site\/wp-json\/wp\/v2\/media\/478"}],"wp:attachment":[{"href":"https:\/\/adqisa.com.mx\/site\/wp-json\/wp\/v2\/media?parent=476"}],"curies":[{"name":"wp","href":"https:\/\/api.w.org\/{rel}","templated":true}]}}