{"id":479,"date":"2018-11-15T15:11:49","date_gmt":"2018-11-15T15:11:49","guid":{"rendered":"https:\/\/adqisa.com.mx\/site\/?post_type=product&#038;p=479"},"modified":"2018-12-19T22:48:31","modified_gmt":"2018-12-19T22:48:31","slug":"blackhawk-advanced-tactical-knee-pad-v2","status":"publish","type":"product","link":"https:\/\/adqisa.com.mx\/site\/product\/blackhawk-advanced-tactical-knee-pad-v2\/","title":{"rendered":"Blackhawk Advanced Tactical Knee Pad V2"},"content":{"rendered":"<ul>\n<li>Carcasa de nylon 600 denier, dise\u00f1ada para flexionar y no restringir el movimiento.<\/li>\n<li>Dise\u00f1o de tapa flexible moldeada por inyecci\u00f3n, de nuevo para ayudar a no restringir el movimiento.<\/li>\n<li>El relleno de espuma de celda cerrada proporciona una excelente resistencia a los golpes y poca o ninguna retenci\u00f3n de humedad.<\/li>\n<li>Minimiza el espacio entre la parte inferior de la tapa y el soporte de nylon cuando se flexiona.<\/li>\n<li>Las extensiones laterales acolchadas proporcionan comodidad adicional y mejor posicionamiento de la correa.<\/li>\n<li>El borde interior contorneado evita que la almohadilla se deslice hacia abajo.<\/li>\n<li>Correas el\u00e1sticas de gancho y bucle.<\/li>\n<li>Las rodilleras t\u00e1cticas avanzadas Blackhawk V2 se han utilizado ampliamente en todo el mundo y su dise\u00f1o est\u00e1 probado en la batalla. La forma contorneada se adapta perfectamente a su rodilla y brinda total libertad de movimiento, a diferencia de algunas rodilleras protectoras que pueden ser restrictivas.<\/li>\n<li>Marca: Blackhawk<\/li>\n<\/ul>\n","protected":false},"excerpt":{"rendered":"<p>Hecho de 600 Denier Cordura Nylon con un casquillo flexible moldeado por inyecci\u00f3n exterior. Los rellenos de espuma de c\u00e9lula cerrada proporcionan una excelente resistencia a los golpes y poca o ninguna retenci\u00f3n de humedad; lo que la hace\u00a0 una rodillera ligera con bastante resistencia a golpes.<\/p>\n[fusion_button link=\"\" title=\"Cont\u00e1ctenos sin compromiso\" target=\"_self\" link_attributes=\"\" alignment=\"center\" modal=\"contacto\" hide_on_mobile=\"small-visibility,medium-visibility,large-visibility\" class=\"\" id=\"\" color=\"default\" button_gradient_top_color=\"\" button_gradient_bottom_color=\"\" button_gradient_top_color_hover=\"\" button_gradient_bottom_color_hover=\"\" accent_color=\"\" accent_hover_color=\"\" type=\"\" bevel_color=\"\" border_width=\"\" size=\"large\" stretch=\"default\" shape=\"pill\" icon=\"fa-info-circle\" icon_position=\"left\" icon_divider=\"no\" animation_type=\"\" animation_direction=\"left\" animation_speed=\"0.3\" animation_offset=\"\"]Solicitar Informaci\u00f3n [\/fusion_button]\n<p>&nbsp;<\/p>\n<div class=\"fb-like\" data-href=\"https:\/\/www.facebook.com\/adqisamx\/\" data-layout=\"button\" data-action=\"like\" data-size=\"large\" data-show-faces=\"true\" data-share=\"true\"><\/div>\n<p>&nbsp;<\/p>\n[fusion_modal name=\"contacto\" title=\"Cont\u00e1ctenos sin compromiso\" size=\"medium\" background=\"\" border_color=\"\" show_footer=\"yes\" class=\"\" id=\"\"]<\/p>\n<p>[contact-form-7 id=\"6\" title=\"Contacto\"]<\/p>\n<p>[\/fusion_modal]\n","protected":false},"featured_media":480,"comment_status":"open","ping_status":"closed","template":"","meta":[],"class_list":{"0":"post-479","1":"product","2":"type-product","3":"status-publish","4":"has-post-thumbnail","6":"product_cat-rodilleras","7":"product-grid-view","9":"first","10":"instock","11":"shipping-taxable","12":"product-type-simple"},"_links":{"self":[{"href":"https:\/\/adqisa.com.mx\/site\/wp-json\/wp\/v2\/product\/479","targetHints":{"allow":["GET"]}}],"collection":[{"href":"https:\/\/adqisa.com.mx\/site\/wp-json\/wp\/v2\/product"}],"about":[{"href":"https:\/\/adqisa.com.mx\/site\/wp-json\/wp\/v2\/types\/product"}],"replies":[{"embeddable":true,"href":"https:\/\/adqisa.com.mx\/site\/wp-json\/wp\/v2\/comments?post=479"}],"wp:featuredmedia":[{"embeddable":true,"href":"https:\/\/adqisa.com.mx\/site\/wp-json\/wp\/v2\/media\/480"}],"wp:attachment":[{"href":"https:\/\/adqisa.com.mx\/site\/wp-json\/wp\/v2\/media?parent=479"}],"curies":[{"name":"wp","href":"https:\/\/api.w.org\/{rel}","templated":true}]}}