{"id":486,"date":"2018-11-19T19:50:46","date_gmt":"2018-11-19T19:50:46","guid":{"rendered":"https:\/\/adqisa.com.mx\/site\/?post_type=product&#038;p=486"},"modified":"2018-12-19T22:50:09","modified_gmt":"2018-12-19T22:50:09","slug":"taclite2-gloves-guantes-tacticos-venta-mexico","status":"publish","type":"product","link":"https:\/\/adqisa.com.mx\/site\/product\/taclite2-gloves-guantes-tacticos-venta-mexico\/","title":{"rendered":"TACLITE\u00ae2 GLOVES"},"content":{"rendered":"<ul>\n<li>Protecci\u00f3n pr\u00e1ctica, dise\u00f1o fresco y c\u00f3modo.<\/li>\n<li>Ligero, de secado r\u00e1pido<\/li>\n<li>Dedos TacticalTouch \u2122<\/li>\n<li>Construcci\u00f3n de piel de oveja de una sola pieza<\/li>\n<li>Palma de piel de oveja sin costura<\/li>\n<li>Sudoraci\u00f3n integrada en la mu\u00f1eca.<\/li>\n<li>Panel trasero el\u00e1stico en cuatro direcciones<br \/>\nBreathoprene\u00ae y cierre de gancho y bucle.<\/li>\n<\/ul>\n","protected":false},"excerpt":{"rendered":"<p>Cuando la precisi\u00f3n y la destreza son primordiales, el guante TACLITE\u00ae 2 proporciona una excelente capacidad de respuesta en un dise\u00f1o ligero de segunda piel.<\/p>\n[fusion_button link=\"\" title=\"Cont\u00e1ctenos sin compromiso\" target=\"_self\" link_attributes=\"\" alignment=\"center\" modal=\"contacto\" hide_on_mobile=\"small-visibility,medium-visibility,large-visibility\" class=\"\" id=\"\" color=\"default\" button_gradient_top_color=\"\" button_gradient_bottom_color=\"\" button_gradient_top_color_hover=\"\" button_gradient_bottom_color_hover=\"\" accent_color=\"\" accent_hover_color=\"\" type=\"\" bevel_color=\"\" border_width=\"\" size=\"large\" stretch=\"default\" shape=\"pill\" icon=\"fa-info-circle\" icon_position=\"left\" icon_divider=\"no\" animation_type=\"\" animation_direction=\"left\" animation_speed=\"0.3\" animation_offset=\"\"]Solicitar Informaci\u00f3n [\/fusion_button]\n<p>&nbsp;<\/p>\n<div class=\"fb-like\" data-href=\"https:\/\/www.facebook.com\/adqisamx\/\" data-layout=\"button\" data-action=\"like\" data-size=\"large\" data-show-faces=\"true\" data-share=\"true\"><\/div>\n<p>&nbsp;<\/p>\n[fusion_modal name=\"contacto\" title=\"Cont\u00e1ctenos sin compromiso\" size=\"medium\" background=\"\" border_color=\"\" show_footer=\"yes\" class=\"\" id=\"\"]<\/p>\n<p>[contact-form-7 id=\"6\" title=\"Contacto\"]<\/p>\n<p>[\/fusion_modal]\n","protected":false},"featured_media":487,"comment_status":"open","ping_status":"closed","template":"","meta":[],"class_list":{"0":"post-486","1":"product","2":"type-product","3":"status-publish","4":"has-post-thumbnail","6":"product_cat-guantes","7":"product-grid-view","9":"first","10":"instock","11":"shipping-taxable","12":"product-type-simple"},"_links":{"self":[{"href":"https:\/\/adqisa.com.mx\/site\/wp-json\/wp\/v2\/product\/486","targetHints":{"allow":["GET"]}}],"collection":[{"href":"https:\/\/adqisa.com.mx\/site\/wp-json\/wp\/v2\/product"}],"about":[{"href":"https:\/\/adqisa.com.mx\/site\/wp-json\/wp\/v2\/types\/product"}],"replies":[{"embeddable":true,"href":"https:\/\/adqisa.com.mx\/site\/wp-json\/wp\/v2\/comments?post=486"}],"wp:featuredmedia":[{"embeddable":true,"href":"https:\/\/adqisa.com.mx\/site\/wp-json\/wp\/v2\/media\/487"}],"wp:attachment":[{"href":"https:\/\/adqisa.com.mx\/site\/wp-json\/wp\/v2\/media?parent=486"}],"curies":[{"name":"wp","href":"https:\/\/api.w.org\/{rel}","templated":true}]}}