{"id":488,"date":"2018-11-19T20:05:02","date_gmt":"2018-11-19T20:05:02","guid":{"rendered":"https:\/\/adqisa.com.mx\/site\/?post_type=product&#038;p=488"},"modified":"2018-12-19T22:53:06","modified_gmt":"2018-12-19T22:53:06","slug":"patrol-elite-glove","status":"publish","type":"product","link":"https:\/\/adqisa.com.mx\/site\/product\/patrol-elite-glove\/","title":{"rendered":"PATROL ELITE GLOVE"},"content":{"rendered":"<ul>\n<li>ESTABLE: los contactos en relieve colocados estrat\u00e9gicamente mejoran el agarre<\/li>\n<li>VERS\u00c1TIL- Pantalla t\u00e1ctil compatible para tel\u00e9fonos celulares.<\/li>\n<li>ESTABLE: estampado de agarre en relieve en la palma para mayor destreza.<\/li>\n<li>FUNCIONAL: brazalete compatible con reloj para un volumen menor y una lectura f\u00e1cil.<\/li>\n<\/ul>\n","protected":false},"excerpt":{"rendered":"<p>El guante BLACKHAWK! \u00ae Patrol Elite es lo suficientemente vers\u00e1til para manejar cada tarea. Presenta un corte delgado y ergon\u00f3mico, y est\u00e1 hecho con neopreno que se adapta a la forma y maximiza la destreza y la tacto. Una impresi\u00f3n del lado de la palma en relieve ofrece un agarre estable, incluso en ambientes h\u00famedos.<\/p>\n[fusion_button link=\"\" title=\"Cont\u00e1ctenos sin compromiso\" target=\"_self\" link_attributes=\"\" alignment=\"center\" modal=\"contacto\" hide_on_mobile=\"small-visibility,medium-visibility,large-visibility\" class=\"\" id=\"\" color=\"default\" button_gradient_top_color=\"\" button_gradient_bottom_color=\"\" button_gradient_top_color_hover=\"\" button_gradient_bottom_color_hover=\"\" accent_color=\"\" accent_hover_color=\"\" type=\"\" bevel_color=\"\" border_width=\"\" size=\"large\" stretch=\"default\" shape=\"pill\" icon=\"fa-info-circle\" icon_position=\"left\" icon_divider=\"no\" animation_type=\"\" animation_direction=\"left\" animation_speed=\"0.3\" animation_offset=\"\"]Solicitar Informaci\u00f3n [\/fusion_button]\n<p>&nbsp;<\/p>\n<div class=\"fb-like\" data-href=\"https:\/\/www.facebook.com\/adqisamx\/\" data-layout=\"button\" data-action=\"like\" data-size=\"large\" data-show-faces=\"true\" data-share=\"true\"><\/div>\n<p>&nbsp;<\/p>\n[fusion_modal name=\"contacto\" title=\"Cont\u00e1ctenos sin compromiso\" size=\"medium\" background=\"\" border_color=\"\" show_footer=\"yes\" class=\"\" id=\"\"]<\/p>\n<p>[contact-form-7 id=\"6\" title=\"Contacto\"]<\/p>\n<p>[\/fusion_modal]\n","protected":false},"featured_media":489,"comment_status":"open","ping_status":"closed","template":"","meta":[],"class_list":{"0":"post-488","1":"product","2":"type-product","3":"status-publish","4":"has-post-thumbnail","6":"product_cat-guantes","7":"product-grid-view","9":"first","10":"instock","11":"shipping-taxable","12":"product-type-simple"},"_links":{"self":[{"href":"https:\/\/adqisa.com.mx\/site\/wp-json\/wp\/v2\/product\/488","targetHints":{"allow":["GET"]}}],"collection":[{"href":"https:\/\/adqisa.com.mx\/site\/wp-json\/wp\/v2\/product"}],"about":[{"href":"https:\/\/adqisa.com.mx\/site\/wp-json\/wp\/v2\/types\/product"}],"replies":[{"embeddable":true,"href":"https:\/\/adqisa.com.mx\/site\/wp-json\/wp\/v2\/comments?post=488"}],"wp:featuredmedia":[{"embeddable":true,"href":"https:\/\/adqisa.com.mx\/site\/wp-json\/wp\/v2\/media\/489"}],"wp:attachment":[{"href":"https:\/\/adqisa.com.mx\/site\/wp-json\/wp\/v2\/media?parent=488"}],"curies":[{"name":"wp","href":"https:\/\/api.w.org\/{rel}","templated":true}]}}