{"id":492,"date":"2018-11-19T20:33:59","date_gmt":"2018-11-19T20:33:59","guid":{"rendered":"https:\/\/adqisa.com.mx\/site\/?post_type=product&#038;p=492"},"modified":"2018-12-19T22:50:48","modified_gmt":"2018-12-19T22:50:48","slug":"condor-syncro-tactical-gloves","status":"publish","type":"product","link":"https:\/\/adqisa.com.mx\/site\/product\/condor-syncro-tactical-gloves\/","title":{"rendered":"Condor Syncro Tactical Gloves"},"content":{"rendered":"<ul>\n<li>Cuero de piel de cabra premium<\/li>\n<li>DuPont \u2122 Nomex\u00ae fibra en todos los dedos y el dorso de la mano para protecci\u00f3n contra llamas y flash<\/li>\n<li>Piel reforzada de doble capa en palmas y nudillos.<\/li>\n<li>Palmas acolchadas y dorso de los dedos.<\/li>\n<li>Protecci\u00f3n de nudillos de c\u00e1scara dura.<\/li>\n<li>Pu\u00f1o ajustable para un ajuste seguro.<\/li>\n<\/ul>\n","protected":false},"excerpt":{"rendered":"<p>Los guantes t\u00e1cticos Syncro de C\u00f3ndor est\u00e1n dise\u00f1ados para el operador moderno. Tejida con la nanotecnolog\u00eda Touchtec, es amigable con la pantalla t\u00e1ctil, pero proporciona la protecci\u00f3n necesaria contra los elementos m\u00e1s \u00e1speros del campo.<\/p>\n[fusion_button link=\"\" title=\"Cont\u00e1ctenos sin compromiso\" target=\"_self\" link_attributes=\"\" alignment=\"center\" modal=\"contacto\" hide_on_mobile=\"small-visibility,medium-visibility,large-visibility\" class=\"\" id=\"\" color=\"default\" button_gradient_top_color=\"\" button_gradient_bottom_color=\"\" button_gradient_top_color_hover=\"\" button_gradient_bottom_color_hover=\"\" accent_color=\"\" accent_hover_color=\"\" type=\"\" bevel_color=\"\" border_width=\"\" size=\"large\" stretch=\"default\" shape=\"pill\" icon=\"fa-info-circle\" icon_position=\"left\" icon_divider=\"no\" animation_type=\"\" animation_direction=\"left\" animation_speed=\"0.3\" animation_offset=\"\"]Solicitar Informaci\u00f3n [\/fusion_button]\n<p>&nbsp;<\/p>\n<div class=\"fb-like\" data-href=\"https:\/\/www.facebook.com\/adqisamx\/\" data-layout=\"button\" data-action=\"like\" data-size=\"large\" data-show-faces=\"true\" data-share=\"true\"><\/div>\n<p>&nbsp;<\/p>\n[fusion_modal name=\"contacto\" title=\"Cont\u00e1ctenos sin compromiso\" size=\"medium\" background=\"\" border_color=\"\" show_footer=\"yes\" class=\"\" id=\"\"]<\/p>\n<p>[contact-form-7 id=\"6\" title=\"Contacto\"]<\/p>\n<p>[\/fusion_modal]\n","protected":false},"featured_media":495,"comment_status":"open","ping_status":"closed","template":"","meta":[],"class_list":{"0":"post-492","1":"product","2":"type-product","3":"status-publish","4":"has-post-thumbnail","6":"product_cat-guantes","7":"product-grid-view","9":"first","10":"instock","11":"shipping-taxable","12":"product-type-simple"},"_links":{"self":[{"href":"https:\/\/adqisa.com.mx\/site\/wp-json\/wp\/v2\/product\/492","targetHints":{"allow":["GET"]}}],"collection":[{"href":"https:\/\/adqisa.com.mx\/site\/wp-json\/wp\/v2\/product"}],"about":[{"href":"https:\/\/adqisa.com.mx\/site\/wp-json\/wp\/v2\/types\/product"}],"replies":[{"embeddable":true,"href":"https:\/\/adqisa.com.mx\/site\/wp-json\/wp\/v2\/comments?post=492"}],"wp:featuredmedia":[{"embeddable":true,"href":"https:\/\/adqisa.com.mx\/site\/wp-json\/wp\/v2\/media\/495"}],"wp:attachment":[{"href":"https:\/\/adqisa.com.mx\/site\/wp-json\/wp\/v2\/media?parent=492"}],"curies":[{"name":"wp","href":"https:\/\/api.w.org\/{rel}","templated":true}]}}