{"id":496,"date":"2018-11-19T20:39:55","date_gmt":"2018-11-19T20:39:55","guid":{"rendered":"https:\/\/adqisa.com.mx\/site\/?post_type=product&#038;p=496"},"modified":"2018-12-19T22:51:14","modified_gmt":"2018-12-19T22:51:14","slug":"oakley-factory-lite-tactical-gloves","status":"publish","type":"product","link":"https:\/\/adqisa.com.mx\/site\/product\/oakley-factory-lite-tactical-gloves\/","title":{"rendered":"Oakley Factory Lite Tactical Gloves"},"content":{"rendered":"<p>50% poli\u00e9ster, 32% spandex, 12% poliuretano, 6% caucho<\/p>\n","protected":false},"excerpt":{"rendered":"<p>Los guantes t\u00e1cticos de protecci\u00f3n Factory Lite est\u00e1n dise\u00f1ados para resistir los rigores de cualquier actividad brusca. La construcci\u00f3n ligera de Ribspan de estos guantes Oakley se combina con gamuza colocada estrat\u00e9gicamente y paneles moldeados para brindar comodidad, destreza, una barrera entre usted y el equipo que puede causar lesiones.<\/p>\n[fusion_button link=\"\" title=\"Cont\u00e1ctenos sin compromiso\" target=\"_self\" link_attributes=\"\" alignment=\"center\" modal=\"contacto\" hide_on_mobile=\"small-visibility,medium-visibility,large-visibility\" class=\"\" id=\"\" color=\"default\" button_gradient_top_color=\"\" button_gradient_bottom_color=\"\" button_gradient_top_color_hover=\"\" button_gradient_bottom_color_hover=\"\" accent_color=\"\" accent_hover_color=\"\" type=\"\" bevel_color=\"\" border_width=\"\" size=\"large\" stretch=\"default\" shape=\"pill\" icon=\"fa-info-circle\" icon_position=\"left\" icon_divider=\"no\" animation_type=\"\" animation_direction=\"left\" animation_speed=\"0.3\" animation_offset=\"\"]Solicitar Informaci\u00f3n [\/fusion_button]\n<p>&nbsp;<\/p>\n<div class=\"fb-like\" data-href=\"https:\/\/www.facebook.com\/adqisamx\/\" data-layout=\"button\" data-action=\"like\" data-size=\"large\" data-show-faces=\"true\" data-share=\"true\"><\/div>\n<p>&nbsp;<\/p>\n[fusion_modal name=\"contacto\" title=\"Cont\u00e1ctenos sin compromiso\" size=\"medium\" background=\"\" border_color=\"\" show_footer=\"yes\" class=\"\" id=\"\"]<\/p>\n<p>[contact-form-7 id=\"6\" title=\"Contacto\"]<\/p>\n<p>[\/fusion_modal]\n","protected":false},"featured_media":498,"comment_status":"open","ping_status":"closed","template":"","meta":[],"class_list":{"0":"post-496","1":"product","2":"type-product","3":"status-publish","4":"has-post-thumbnail","6":"product_cat-guantes","7":"product-grid-view","9":"first","10":"instock","11":"shipping-taxable","12":"product-type-simple"},"_links":{"self":[{"href":"https:\/\/adqisa.com.mx\/site\/wp-json\/wp\/v2\/product\/496","targetHints":{"allow":["GET"]}}],"collection":[{"href":"https:\/\/adqisa.com.mx\/site\/wp-json\/wp\/v2\/product"}],"about":[{"href":"https:\/\/adqisa.com.mx\/site\/wp-json\/wp\/v2\/types\/product"}],"replies":[{"embeddable":true,"href":"https:\/\/adqisa.com.mx\/site\/wp-json\/wp\/v2\/comments?post=496"}],"wp:featuredmedia":[{"embeddable":true,"href":"https:\/\/adqisa.com.mx\/site\/wp-json\/wp\/v2\/media\/498"}],"wp:attachment":[{"href":"https:\/\/adqisa.com.mx\/site\/wp-json\/wp\/v2\/media?parent=496"}],"curies":[{"name":"wp","href":"https:\/\/api.w.org\/{rel}","templated":true}]}}