{"id":667,"date":"2019-09-02T21:16:59","date_gmt":"2019-09-02T21:16:59","guid":{"rendered":"https:\/\/adqisa.com.mx\/site\/?post_type=product&#038;p=667"},"modified":"2019-09-17T02:41:42","modified_gmt":"2019-09-17T02:41:42","slug":"globo-de-ilumincacion-sirocco-led-150000-lm","status":"publish","type":"product","link":"https:\/\/adqisa.com.mx\/site\/product\/globo-de-ilumincacion-sirocco-led-150000-lm\/","title":{"rendered":"Globo de Ilumincaci\u00f3n Sirocco LED 50000 lm"},"content":{"rendered":"<p><img loading=\"lazy\" decoding=\"async\" class=\"alignnone size-full wp-image-669\" src=\"https:\/\/adqisa.com.mx\/site\/wp-content\/uploads\/2019\/09\/como-entender-rango-31-m.jpg\" alt=\"\" width=\"394\" height=\"301\" srcset=\"https:\/\/adqisa.com.mx\/site\/wp-content\/uploads\/2019\/09\/como-entender-rango-31-m-200x153.jpg 200w, https:\/\/adqisa.com.mx\/site\/wp-content\/uploads\/2019\/09\/como-entender-rango-31-m-300x229.jpg 300w, https:\/\/adqisa.com.mx\/site\/wp-content\/uploads\/2019\/09\/como-entender-rango-31-m.jpg 394w\" sizes=\"auto, (max-width: 394px) 100vw, 394px\" \/><\/p>\n<p><strong>Caracter\u00edsticas t\u00e9cnicas:<\/strong><br \/>\nL\u00e1mparas:\u00a0 \u00a04 x 100 W LED<br \/>\nVida media de las l\u00e1mparas*: 50 000 h<br \/>\nEficiencia: 125 lm\/W<br \/>\nTipo de enchufe \/ COB: 4 paneles independientes [Controladore + LED]. R\u00e1pido y f\u00e1cil en remplazar (4 tornillos)<br \/>\nPotencia m\u00e1xima: 400 W<br \/>\nTensi\u00f3n: 100-120-230 V \/ 50-60 Hz<br \/>\nTiempo de reencendido: inmediato<br \/>\nFuente de alimentaci\u00f3n: alimentaci\u00f3n a la red o generador 1 kVA<br \/>\nOpciones de telas: diversos colores, sin reflector o con reflector inverso<\/p>\n<p>* En condiciones normales de uso<\/p>\n<p><strong>Seguridad<\/strong><br \/>\nTejido tratado para retrasar la combusti\u00f3n<br \/>\nReflector integrado para definir la zona que se va a iluminar y para evitar la contaminaci\u00f3n lum\u00ednica<br \/>\nMaterial resistente a la lluvia y al polvo<br \/>\nProtecci\u00f3n el\u00e9ctrica: fusible<br \/>\nResistencia al viento del globo: 100 km\/h<\/p>\n","protected":false},"excerpt":{"rendered":"<p><em><strong>&gt; un producto b\u00e1sico con muy buen consumo de energ\u00eda en relaci\u00f3n con la eficiencia luminosa.<\/strong><\/em><\/p>\n<p>Requisitos de iluminaci\u00f3n &#8211; Alumbrado de emergencia (norma EN 1838): 3 000 m\u00b2<br \/>\nRequisitos de iluminaci\u00f3n para lugares de trabajo en exteriores, que satisfacen las necesidades de seguridad (norma EN 12464-2): 620 m\u00b2<br \/>\nIluminaci\u00f3n debajo del globo (instalado a 4 m de altura): 205 lx<br \/>\nLuz m\u00e1xima: 50 000 lm<br \/>\nTemperatura de color: luz diurna: 6 000 K<\/p>\n[fusion_button link=\"\" title=\"Cont\u00e1ctenos sin compromiso\" target=\"_self\" link_attributes=\"\" alignment=\"center\" modal=\"contacto\" hide_on_mobile=\"small-visibility,medium-visibility,large-visibility\" class=\"\" id=\"\" color=\"default\" button_gradient_top_color=\"\" button_gradient_bottom_color=\"\" button_gradient_top_color_hover=\"\" button_gradient_bottom_color_hover=\"\" accent_color=\"\" accent_hover_color=\"\" type=\"\" bevel_color=\"\" border_width=\"\" size=\"large\" stretch=\"default\" shape=\"pill\" icon=\"fa-info-circle\" icon_position=\"left\" icon_divider=\"no\" animation_type=\"\" animation_direction=\"left\" animation_speed=\"0.3\" animation_offset=\"\"]Solicitar Informaci\u00f3n [\/fusion_button]\n<p>&nbsp;<\/p>\n<div class=\"fb-like\" data-href=\"https:\/\/www.facebook.com\/adqisamx\/\" data-layout=\"button\" data-action=\"like\" data-size=\"large\" data-show-faces=\"true\" data-share=\"true\"><\/div>\n<p>&nbsp;<\/p>\n[fusion_modal name=\"contacto\" title=\"Cont\u00e1ctenos sin compromiso\" size=\"medium\" background=\"\" border_color=\"\" show_footer=\"yes\" class=\"\" id=\"\"]<\/p>\n<p>[contact-form-7 id=\"6\" title=\"Contacto\"]<\/p>\n<p>[\/fusion_modal]\n","protected":false},"featured_media":668,"comment_status":"open","ping_status":"closed","template":"","meta":[],"class_list":{"0":"post-667","1":"product","2":"type-product","3":"status-publish","4":"has-post-thumbnail","6":"product_cat-globos-de-iluminacion-industrial-rescate-mexico","7":"product-grid-view","9":"first","10":"instock","11":"shipping-taxable","12":"product-type-simple"},"_links":{"self":[{"href":"https:\/\/adqisa.com.mx\/site\/wp-json\/wp\/v2\/product\/667","targetHints":{"allow":["GET"]}}],"collection":[{"href":"https:\/\/adqisa.com.mx\/site\/wp-json\/wp\/v2\/product"}],"about":[{"href":"https:\/\/adqisa.com.mx\/site\/wp-json\/wp\/v2\/types\/product"}],"replies":[{"embeddable":true,"href":"https:\/\/adqisa.com.mx\/site\/wp-json\/wp\/v2\/comments?post=667"}],"wp:featuredmedia":[{"embeddable":true,"href":"https:\/\/adqisa.com.mx\/site\/wp-json\/wp\/v2\/media\/668"}],"wp:attachment":[{"href":"https:\/\/adqisa.com.mx\/site\/wp-json\/wp\/v2\/media?parent=667"}],"curies":[{"name":"wp","href":"https:\/\/api.w.org\/{rel}","templated":true}]}}